{"id":6388,"date":"2014-03-06T17:22:27","date_gmt":"2014-03-06T15:22:27","guid":{"rendered":"https:\/\/euroopanoored.eu\/?page_id=6388"},"modified":"2017-03-09T13:54:40","modified_gmt":"2017-03-09T11:54:40","slug":"treningi","status":"publish","type":"page","link":"https:\/\/vana.euroopanoored.eu\/ru\/treningi\/","title":{"rendered":"Koolitused"},"content":{"rendered":"<p>\u041c\u043e\u043b\u043e\u0434\u0435\u0436\u043d\u043e\u0435 \u0430\u0433\u0435\u043d\u0442\u0441\u0442\u0432\u043e\u00a0\u043f\u0440\u0435\u0434\u043b\u0430\u0433\u0430\u0435\u0442 \u043c\u043e\u043b\u043e\u0434\u0435\u0436\u0438, \u043c\u043e\u043b\u043e\u0434\u0435\u0436\u043d\u044b\u043c \u0440\u0430\u0431\u043e\u0442\u043d\u0438\u043a\u0430\u043c, \u043b\u0438\u0434\u0435\u0440\u0430\u043c \u0438 \u043e\u0440\u0433\u0430\u043d\u0438\u0437\u0430\u0446\u0438\u044f\u043c \u0440\u0430\u0437\u043d\u044b\u0435 \u0432\u043e\u0437\u043c\u043e\u0436\u043d\u043e\u0441\u0442\u0438 \u0434\u043b\u044f \u043f\u0440\u043e\u0445\u043e\u0436\u0434\u0435\u043d\u0438\u044f \u0442\u0440\u0435\u043d\u0438\u043d\u0433\u043e\u0432 \u043f\u043e \u0441\u0430\u043c\u044b\u043c \u0440\u0430\u0437\u043d\u044b\u043c \u0442\u0435\u043c\u0430\u043c.<\/p>\n<p>\u041e\u0440\u0433\u0430\u043d\u0438\u0437\u0430\u0446\u0438\u0435\u0439 \u0438 \u043f\u0440\u043e\u0432\u0435\u0434\u0435\u043d\u0438\u0435\u043c \u0442\u0440\u0435\u043d\u0438\u043d\u0433\u043e\u0432 \u043c\u044b \u0440\u0430\u0437\u0432\u0438\u0432\u0430\u0435\u043c \u043a\u0430\u0447\u0435\u0441\u0442\u0432\u043e \u0441\u043e\u0441\u0442\u0430\u0432\u043b\u0435\u043d\u0438\u044f \u043f\u0440\u043e\u0435\u043a\u0442\u043d\u044b\u0445 \u0437\u0430\u044f\u0432\u043e\u043a \u0438 \u043f\u0440\u043e\u0432\u0435\u0434\u0435\u043d\u0438\u044f \u043f\u0440\u043e\u0435\u043a\u0442\u043d\u044b\u0445 \u043c\u0435\u0440\u043e\u043f\u0440\u0438\u044f\u0442\u0438\u0439 \u0432 \u043f\u0440\u043e\u0433\u0440\u0430\u043c\u043c\u0435 Erasmus+. \u042d\u0442\u0438\u043c \u0436\u0435 \u0441\u043f\u043e\u0441\u043e\u0431\u043e\u043c \u043c\u044b \u0432\u043b\u0438\u044f\u0435\u043c \u043d\u0430 \u0440\u0430\u0437\u0432\u0438\u0442\u0438\u0435 \u043a\u0430\u0447\u0435\u0441\u0442\u0432\u0430 \u043c\u043e\u043b\u043e\u0434\u0435\u0436\u043d\u043e\u0439 \u0440\u0430\u0431\u043e\u0442\u044b \u0432 \u0446\u0435\u043b\u043e\u043c. \u0422\u0440\u0435\u043d\u0438\u043d\u0433\u0438 \u043f\u0440\u043e\u0445\u043e\u0434\u044f\u0442 \u043a\u0430\u043a\u00a0<b>\u0432 \u042d\u0441\u0442\u043e\u043d\u0438\u0438<\/b>, \u0442\u0430\u043a \u0438\u00a0<b>\u0437\u0430 \u0440\u0443\u0431\u0435\u0436\u043e\u043c<\/b>.<\/p>\n<p>\u0415\u0441\u043b\u0438 \u0442\u0440\u0435\u043d\u0438\u043d\u0433 \u043f\u0440\u043e\u0445\u043e\u0434\u0438\u0442 \u0432 \u0434\u0440\u0443\u0433\u043e\u0439 \u0441\u0442\u0440\u0430\u043d\u0435, \u0442\u043e \u043c\u044b \u043f\u043e\u043a\u0440\u044b\u0432\u0430\u0435\u043c \u0434\u043e\u0440\u043e\u0436\u043d\u044b\u0435 \u0440\u0430\u0441\u0445\u043e\u0434\u044b \u0443\u0447\u0430\u0441\u0442\u043d\u0438\u043a\u0430, \u0430 \u0442\u0430\u043a\u0436\u0435 \u043e\u043f\u043b\u0430\u0447\u0438\u0432\u0430\u0435\u043c \u043f\u0440\u043e\u0436\u0438\u0432\u0430\u043d\u0438\u0435 \u0438 \u043f\u0438\u0442\u0430\u043d\u0438\u0435 \u043d\u0430 \u0432\u0440\u0435\u043c\u044f \u043c\u0435\u0440\u043e\u043f\u0440\u0438\u044f\u0442\u0438\u044f.\u00a0<b>\u0412\u0441\u0435 \u043f\u0440\u0435\u0434\u043b\u043e\u0436\u0435\u043d\u0438\u044f \u0442\u0440\u0435\u043d\u0438\u043d\u0433\u043e\u0432, \u0443\u0447\u0430\u0441\u0442\u0438\u0435 \u0432 \u043a\u043e\u0442\u043e\u0440\u044b\u0445 \u043f\u043e\u0434\u0434\u0435\u0440\u0436\u0438\u0432\u0430\u0435\u0442 \u041c\u043e\u043b\u043e\u0434\u0435\u0436\u043d\u043e\u0435 \u0430\u0433\u0435\u043d\u0442\u0441\u0442\u0432\u043e, \u0432\u044b \u043d\u0430\u0439\u0434\u0435\u0442\u0435 \u043d\u0430 \u043d\u0430\u0448\u0435\u043c \u0441\u0430\u0439\u0442\u0435.\u00a0<\/b>\u0418\u043d\u0444\u043e\u0440\u043c\u0430\u0446\u0438\u044f \u043e \u043a\u043e\u043d\u043a\u0440\u0435\u0442\u043d\u044b\u0445 \u043f\u0440\u0435\u0434\u043b\u043e\u0436\u0435\u043d\u0438\u044f\u0445 \u043f\u043e\u044f\u0432\u043b\u044f\u0435\u0442\u0441\u044f \u043d\u0430 \u043d\u0430\u0433\u0435\u043c \u0441\u0430\u0439\u0442\u0435 \u043f\u0440\u0438\u043c\u0435\u0440\u043d\u043e \u0437\u0430 3\u20134 \u043d\u0435\u0434\u0435\u043b\u0438 \u0434\u043e \u0441\u0440\u043e\u043a\u0430 \u043f\u043e\u0434\u0430\u0447\u0438 \u0437\u0430\u044f\u0432\u043e\u043a \u043d\u0430 \u0443\u0447\u0430\u0441\u0442\u0438\u0435 \u0432 \u0442\u0440\u0435\u043d\u0438\u043d\u0433\u0435.<\/p>\n<p>\u0421 \u0430\u043a\u0442\u0438\u0432\u043d\u044b\u043c\u0438 \u043f\u0440\u0435\u0434\u043b\u043e\u0436\u0435\u043d\u0438\u044f\u043c\u0438 \u0432\u044b \u043c\u043e\u0436\u0435\u0442\u0435 \u043f\u043e\u0437\u043d\u0430\u043a\u043e\u043c\u0438\u0442\u044c\u0441\u044f \u0432 \u0440\u0430\u0437\u0434\u0435\u043b\u0430\u0445 <a href=\"\/?cat_ID=21\">\u043e\u00a0\u043c\u0435\u0441\u0442\u043d\u044b\u0445\u00a0\u0438\u00a0\u043c\u0435\u0436\u0434\u0443\u043d\u0430\u0440\u043e\u0434\u043d\u044b\u0445\u00a0\u0442\u0440\u0435\u043d\u0438\u043d\u0433\u0430\u0445<\/a> (\u0438\u043d\u0444\u043e \u043d\u0430 \u044d\u0441\u0442\u043e\u043d\u0441\u043a\u043e\u043c \u044f\u0437\u044b\u043a\u0435).<\/p>\n<p>\u0411\u043e\u043b\u044c\u0448\u0430\u044f \u0447\u0430\u0441\u0442\u044c \u0442\u0440\u0435\u043d\u0438\u043d\u0433\u043e\u0432 \u041c\u043e\u043b\u043e\u0434\u0435\u0436\u043d\u043e\u0433\u043e \u0430\u0433\u0435\u043d\u0442\u0441\u0442\u0432\u043e, \u0432 \u0442. \u0447. \u043c\u0435\u0436\u0434\u0443\u043d\u0430\u0440\u043e\u0434\u043d\u044b\u0435 \u0442\u0440\u0435\u043d\u0438\u043d\u0433\u0438, \u043f\u0440\u043e\u0445\u043e\u0434\u0438\u0442 \u0432 \u0440\u0430\u043c\u043a\u0430\u0445 \u041f\u043b\u0430\u043d\u0430 \u043e\u0431\u0443\u0447\u0435\u043d\u0438\u044f \u0438 \u0441\u043e\u0442\u0440\u0443\u0434\u043d\u0438\u0447\u0435\u0441\u0442\u0432\u0430 \u043f\u043e\u0433\u0440\u0430\u043c\u043c\u044b Erasmus+: \u00ab\u041c\u043e\u043b\u043e\u0434\u0435\u0436\u044c \u0415\u0432\u0440\u043e\u043f\u044b\u00bb.\u00a0\u0412 \u043e\u0440\u0433\u0430\u043d\u0438\u0437\u0430\u0446\u0438\u0438 \u0442\u0440\u0435\u043d\u0438\u043d\u0433\u043e\u0432 \u043c\u044b \u0441\u043e\u0442\u0440\u0443\u0434\u043d\u0438\u0447\u0430\u0435\u043c \u0441 \u043d\u0430\u0446\u0438\u043e\u043d\u0430\u043b\u044c\u043d\u044b\u043c\u0438 \u0430\u0433\u0435\u043d\u0442\u0441\u0442\u0432\u0430\u043c\u0438 \u043f\u0440\u043e\u0433\u0440\u0430\u043c\u043c\u044b\u00a0<a href=\"https:\/\/vana.euroopanoored.eu\/ru\/o-nas\/partnery\/buro-erasmus\/\">Erasmus+\u00a0\u0432 \u0434\u0440\u0443\u0433\u0438\u0445 \u0441\u0442\u0440\u0430\u043d\u0430\u0445<\/a> \u0438 <a href=\"https:\/\/vana.euroopanoored.eu\/ru\/o-nas\/partnery\/centry-salto\/\">\u0440\u0435\u0441\u0443\u0440\u0441\u043d\u044b\u043c\u0438 \u0446\u0435\u043d\u0442\u0440\u0430\u043c\u0438\u00a0SALTO<\/a>. \u041a\u0440\u043e\u043c\u0435 \u044d\u0442\u043e\u0433\u043e \u042d\u0441\u0442\u043e\u043d\u0441\u043a\u043e\u0435 \u0431\u044e\u0440\u043e \u00ab\u041c\u043e\u043b\u043e\u0434\u0435\u0436\u044c \u0415\u0432\u0440\u043e\u043f\u044b\u00bb \u043e\u0442\u0432\u0435\u0447\u0430\u0435\u0442 \u0442\u0430\u043a\u0436\u0435 \u0437\u0430 \u043e\u0440\u0433\u0430\u043d\u0438\u0437\u0430\u0446\u0438\u044e \u0442\u0440\u0435\u043d\u0438\u043d\u0433\u043e\u0432, \u0444\u0438\u043d\u0430\u043d\u0441\u0438\u0440\u0443\u0435\u043c\u044b\u0445 \u0438\u0437 \u0440\u0435\u0441\u0443\u0440\u0441\u043e\u0432 \u0441\u0442\u0440\u0443\u043a\u0442\u0443\u0440\u043d\u044b\u0445 \u0444\u043e\u043d\u0434\u043e\u0432 \u0415\u0421.<\/p>\n<p>&#8212;&#8212;&#8212;&#8212;&#8212;&#8212;&#8212;&#8212;&#8212;&#8212;&#8212;&#8212;&#8212;&#8212;&#8212;&#8212;&#8212;&#8212;&#8212;&#8212;&#8212;&#8212;&#8212;&#8212;&#8212;&#8212;&#8212;&#8212;&#8212;&#8212;&#8212;&#8212;&#8212;&#8212;&#8212;&#8212;&#8212;&#8212;&#8212;&#8212;&#8212;&#8212;&#8212;&#8212;&#8212;&#8212;&#8212;<\/p>\n<p>ENEB\u00a0koordineerib riiklikul tasandil noortevaldkonna koolitustegevusi ja koolitusvaldkonna arengut ning korraldab erinevaid koolitustegevusi noortele (sh EVT ehk Euroopa vabatahtliku teenistuse koolitused), noorsoot\u00f6\u00f6tajatele, noorteliidritele ja -organisatsioonidele.<\/p>\n<p>Koolitustegevustega toetame Euroopa Noored: Erasmus+ projektide kirjutamist, elluviimist ja kvaliteeti ning noorsoot\u00f6\u00f6 kvaliteeti laiemalt.\u00a0Koolitustegevused toimuvad nii <strong>kohalikul<\/strong> kui <strong>rahvusvahelisel tasandil<\/strong>.<\/p>\n<p>ENEBi koolitused t\u00e4idavad 3 peamist eesm\u00e4rki:<\/p>\n<ul>\n<li>noorte toetamine l\u00e4bi mitteformaalse ja informaalse \u00f5ppimise;<\/li>\n<li>noorsoot\u00f6\u00f6 professionaalse arengu ja noorsoot\u00f6\u00f6tajate professionaliseerumise toetamine;<\/li>\n<li>noortepoliitika arengu ja elluviimises osalemine.<\/li>\n<\/ul>\n<p>Suur osa ENEB koolitustegevustest, sh rahvusvahelised koolitustegevused, leiavad aset Erasmus+ Euroopa Noored Koolitus- ja Koost\u00f6\u00f6kava raames (i.k. <a href=\"http:\/\/www.salto-youth.net\/rc\/training-and-cooperation\/TCPs\/\">Training and Co-operation Plan<\/a> \u2013 TCP, kuni juuni 2014.) ning alates aprillist 2014. ka Erasmus+ Euroopa Noored\u00a0 Rahvusvaheliste Koost\u00f6\u00f6projektide kava raames (i.k.Transnational cooperation activities &#8212; TCA). Koolitustegevuste elluviimisel tehakse koost\u00f6\u00f6d erinevate riiklike <a href=\"https:\/\/vana.euroopanoored.eu\/ru\/o-nas\/partnery\/buro-erasmus\/\">Erasmus+: Euroopa Noored b\u00fcroode<\/a> ja\/v\u00f5i <a href=\"https:\/\/vana.euroopanoored.eu\/ru\/o-nas\/partnery\/centry-salto\/\">SALTOdega<\/a>. Lisaks vastutab ENEB ka Euroopa Liidu t\u00f5ukefondide vahenditest toimuva noorsoot\u00f6\u00f6tajate koolitamise eest.<\/p>\n<p>Koolitustegevuste elluviimisel l\u00e4htub ENEB \u00a0<a href=\"file:\/\/\/C:\/Users\/annika.teder\/Downloads\/mitteformaalne.ee\/mfo-lahtekohad.html\">noortevaldkonna koolituste mitteformaalse \u00f5ppe l\u00e4htekohtadest<\/a>,\u00a0<a href=\"https:\/\/valitsus.ee\/UserFiles\/valitsus\/et\/valitsus\/arengukavad\/haridus-ja-teadusministeerium\/Noortevaldkonna%20arengukava%202014-2020.pdf\">Eesti Noortevaldkonna arengukavast 2014-2020<\/a>\u00a0ning\u00a0<a href=\"http:\/\/www.hm.ee\/index.php?0511471\">Euroopa noortevaldkonna uuendatud koost\u00f6\u00f6raamistikust 2010-2018<\/a>, sh\u00a0<a href=\"https:\/\/vana.euroopanoored.eu\/Erasmuspluss\">programmi Erasmus+<\/a><strong>\u00a0eesm\u00e4rkidest.<\/strong><\/p>\n<p>&nbsp;<\/p>\n<!-- AddThis Advanced Settings generic via filter on the_content --><!-- AddThis Share Buttons generic via filter on the_content -->","protected":false},"excerpt":{"rendered":"<p>\u041c\u043e\u043b\u043e\u0434\u0435\u0436\u043d\u043e\u0435 \u0430\u0433\u0435\u043d\u0442\u0441\u0442\u0432\u043e\u00a0\u043f\u0440\u0435\u0434\u043b\u0430\u0433\u0430\u0435\u0442 \u043c\u043e\u043b\u043e\u0434\u0435\u0436\u0438, \u043c\u043e\u043b\u043e\u0434\u0435\u0436\u043d\u044b\u043c \u0440\u0430\u0431\u043e\u0442\u043d\u0438\u043a\u0430\u043c, \u043b\u0438\u0434\u0435\u0440\u0430\u043c \u0438 \u043e\u0440\u0433\u0430\u043d\u0438\u0437\u0430\u0446\u0438\u044f\u043c \u0440\u0430\u0437\u043d\u044b\u0435 \u0432\u043e\u0437\u043c\u043e\u0436\u043d\u043e\u0441\u0442\u0438 \u0434\u043b\u044f \u043f\u0440\u043e\u0445\u043e\u0436\u0434\u0435\u043d\u0438\u044f \u0442\u0440\u0435\u043d\u0438\u043d\u0433\u043e\u0432 \u043f\u043e \u0441\u0430\u043c\u044b\u043c \u0440\u0430\u0437\u043d\u044b\u043c \u0442\u0435\u043c\u0430\u043c. \u041e\u0440\u0433\u0430\u043d\u0438\u0437\u0430\u0446\u0438\u0435\u0439 \u0438 \u043f\u0440\u043e\u0432\u0435\u0434\u0435\u043d\u0438\u0435\u043c \u0442\u0440\u0435\u043d\u0438\u043d\u0433\u043e\u0432 \u043c\u044b \u0440\u0430\u0437\u0432\u0438\u0432\u0430\u0435\u043c \u043a\u0430\u0447\u0435\u0441\u0442\u0432\u043e \u0441\u043e\u0441\u0442\u0430\u0432\u043b\u0435\u043d\u0438\u044f \u043f\u0440\u043e\u0435\u043a\u0442\u043d\u044b\u0445 \u0437\u0430\u044f\u0432\u043e\u043a \u0438 \u043f\u0440\u043e\u0432\u0435\u0434\u0435\u043d\u0438\u044f \u043f\u0440\u043e\u0435\u043a\u0442\u043d\u044b\u0445 \u043c\u0435\u0440\u043e\u043f\u0440\u0438\u044f\u0442\u0438\u0439 \u0432 \u043f\u0440\u043e\u0433\u0440\u0430\u043c\u043c\u0435 Erasmus+. \u042d\u0442\u0438\u043c \u0436\u0435 \u0441\u043f\u043e\u0441\u043e\u0431\u043e\u043c \u043c\u044b \u0432\u043b\u0438\u044f\u0435\u043c \u043d\u0430 \u0440\u0430\u0437\u0432\u0438\u0442\u0438\u0435 \u043a\u0430\u0447\u0435\u0441\u0442\u0432\u0430 \u043c\u043e\u043b\u043e\u0434\u0435\u0436\u043d\u043e\u0439 \u0440\u0430\u0431\u043e\u0442\u044b \u0432 [&hellip;]<\/p>\n","protected":false},"author":1608,"featured_media":0,"parent":0,"menu_order":0,"comment_status":"closed","ping_status":"open","template":"","meta":{"footnotes":""},"categories":[],"tags":[],"yoast_head":"<!-- This site is optimized with the Yoast SEO plugin v22.2 - https:\/\/yoast.com\/wordpress\/plugins\/seo\/ -->\n<title>Koolitused &#8212; Erasmus+ ja Euroopa Solidaarsuskorpuse agentuuri noorteprogrammide keskus<\/title>\n<meta name=\"robots\" content=\"noindex, follow, max-snippet:-1, max-image-preview:large, max-video-preview:-1\" \/>\n<meta property=\"og:locale\" content=\"ru_RU\" \/>\n<meta property=\"og:type\" content=\"article\" \/>\n<meta property=\"og:title\" content=\"Koolitused &#8212; Erasmus+ ja Euroopa Solidaarsuskorpuse agentuuri noorteprogrammide keskus\" \/>\n<meta property=\"og:description\" content=\"\u041c\u043e\u043b\u043e\u0434\u0435\u0436\u043d\u043e\u0435 \u0430\u0433\u0435\u043d\u0442\u0441\u0442\u0432\u043e\u00a0\u043f\u0440\u0435\u0434\u043b\u0430\u0433\u0430\u0435\u0442 \u043c\u043e\u043b\u043e\u0434\u0435\u0436\u0438, \u043c\u043e\u043b\u043e\u0434\u0435\u0436\u043d\u044b\u043c \u0440\u0430\u0431\u043e\u0442\u043d\u0438\u043a\u0430\u043c, \u043b\u0438\u0434\u0435\u0440\u0430\u043c \u0438 \u043e\u0440\u0433\u0430\u043d\u0438\u0437\u0430\u0446\u0438\u044f\u043c \u0440\u0430\u0437\u043d\u044b\u0435 \u0432\u043e\u0437\u043c\u043e\u0436\u043d\u043e\u0441\u0442\u0438 \u0434\u043b\u044f \u043f\u0440\u043e\u0445\u043e\u0436\u0434\u0435\u043d\u0438\u044f \u0442\u0440\u0435\u043d\u0438\u043d\u0433\u043e\u0432 \u043f\u043e \u0441\u0430\u043c\u044b\u043c \u0440\u0430\u0437\u043d\u044b\u043c \u0442\u0435\u043c\u0430\u043c. \u041e\u0440\u0433\u0430\u043d\u0438\u0437\u0430\u0446\u0438\u0435\u0439 \u0438 \u043f\u0440\u043e\u0432\u0435\u0434\u0435\u043d\u0438\u0435\u043c \u0442\u0440\u0435\u043d\u0438\u043d\u0433\u043e\u0432 \u043c\u044b \u0440\u0430\u0437\u0432\u0438\u0432\u0430\u0435\u043c \u043a\u0430\u0447\u0435\u0441\u0442\u0432\u043e \u0441\u043e\u0441\u0442\u0430\u0432\u043b\u0435\u043d\u0438\u044f \u043f\u0440\u043e\u0435\u043a\u0442\u043d\u044b\u0445 \u0437\u0430\u044f\u0432\u043e\u043a \u0438 \u043f\u0440\u043e\u0432\u0435\u0434\u0435\u043d\u0438\u044f \u043f\u0440\u043e\u0435\u043a\u0442\u043d\u044b\u0445 \u043c\u0435\u0440\u043e\u043f\u0440\u0438\u044f\u0442\u0438\u0439 \u0432 \u043f\u0440\u043e\u0433\u0440\u0430\u043c\u043c\u0435 Erasmus+. \u042d\u0442\u0438\u043c \u0436\u0435 \u0441\u043f\u043e\u0441\u043e\u0431\u043e\u043c \u043c\u044b \u0432\u043b\u0438\u044f\u0435\u043c \u043d\u0430 \u0440\u0430\u0437\u0432\u0438\u0442\u0438\u0435 \u043a\u0430\u0447\u0435\u0441\u0442\u0432\u0430 \u043c\u043e\u043b\u043e\u0434\u0435\u0436\u043d\u043e\u0439 \u0440\u0430\u0431\u043e\u0442\u044b \u0432 [&hellip;]\" \/>\n<meta property=\"og:url\" content=\"https:\/\/vana.euroopanoored.eu\/ru\/treningi\/\" \/>\n<meta property=\"og:site_name\" content=\"Erasmus+ ja Euroopa Solidaarsuskorpuse agentuuri noorteprogrammide keskus\" \/>\n<meta property=\"article:publisher\" content=\"https:\/\/www.facebook.com\/euroopanoored\" \/>\n<meta property=\"article:modified_time\" content=\"2017-03-09T11:54:40+00:00\" \/>\n<meta property=\"og:image\" content=\"https:\/\/vana.euroopanoored.eu\/wp-content\/uploads\/2021\/05\/page.png\" \/>\n\t<meta property=\"og:image:width\" content=\"1920\" \/>\n\t<meta property=\"og:image:height\" content=\"1005\" \/>\n\t<meta property=\"og:image:type\" content=\"image\/png\" \/>\n<meta name=\"twitter:card\" content=\"summary_large_image\" \/>\n<meta name=\"twitter:label1\" content=\"\u041f\u0440\u0438\u043c\u0435\u0440\u043d\u043e\u0435 \u0432\u0440\u0435\u043c\u044f \u0434\u043b\u044f \u0447\u0442\u0435\u043d\u0438\u044f\" \/>\n\t<meta name=\"twitter:data1\" content=\"1 \u043c\u0438\u043d\u0443\u0442\u0430\" \/>\n<script type=\"application\/ld+json\" class=\"yoast-schema-graph\">{\"@context\":\"https:\/\/schema.org\",\"@graph\":[{\"@type\":\"WebPage\",\"@id\":\"https:\/\/vana.euroopanoored.eu\/ru\/treningi\/\",\"url\":\"https:\/\/vana.euroopanoored.eu\/ru\/treningi\/\",\"name\":\"Koolitused &#8212; Erasmus+ ja Euroopa Solidaarsuskorpuse agentuuri noorteprogrammide keskus\",\"isPartOf\":{\"@id\":\"https:\/\/vana.euroopanoored.eu\/#website\"},\"datePublished\":\"2014-03-06T15:22:27+00:00\",\"dateModified\":\"2017-03-09T11:54:40+00:00\",\"breadcrumb\":{\"@id\":\"https:\/\/vana.euroopanoored.eu\/ru\/treningi\/#breadcrumb\"},\"inLanguage\":\"ru-RU\",\"potentialAction\":[{\"@type\":\"ReadAction\",\"target\":[\"https:\/\/vana.euroopanoored.eu\/ru\/treningi\/\"]}]},{\"@type\":\"BreadcrumbList\",\"@id\":\"https:\/\/vana.euroopanoored.eu\/ru\/treningi\/#breadcrumb\",\"itemListElement\":[{\"@type\":\"ListItem\",\"position\":1,\"name\":\"Home\",\"item\":\"https:\/\/euroopanoored.eu\/ru\/\"},{\"@type\":\"ListItem\",\"position\":2,\"name\":\"Koolitused\"}]},{\"@type\":\"WebSite\",\"@id\":\"https:\/\/vana.euroopanoored.eu\/#website\",\"url\":\"https:\/\/vana.euroopanoored.eu\/\",\"name\":\"Erasmus+ ja Euroopa Solidaarsuskorpuse agentuuri noorteprogrammide keskus\",\"description\":\"Rahvusvahelised noorteprojektid, vabatahtlik teenistus, noorsoot&ouml;&ouml; arendamine, koolitused ja palju muud vahvat.\",\"publisher\":{\"@id\":\"https:\/\/vana.euroopanoored.eu\/#organization\"},\"potentialAction\":[{\"@type\":\"SearchAction\",\"target\":{\"@type\":\"EntryPoint\",\"urlTemplate\":\"https:\/\/vana.euroopanoored.eu\/?s={search_term_string}\"},\"query-input\":\"required name=search_term_string\"}],\"inLanguage\":\"ru-RU\"},{\"@type\":\"Organization\",\"@id\":\"https:\/\/vana.euroopanoored.eu\/#organization\",\"name\":\"Erasmus+ ja Euroopa Solidaarsuskorpuse Agentuuri Noorteprogrammide keskus\",\"url\":\"https:\/\/vana.euroopanoored.eu\/\",\"logo\":{\"@type\":\"ImageObject\",\"inLanguage\":\"ru-RU\",\"@id\":\"https:\/\/vana.euroopanoored.eu\/#\/schema\/logo\/image\/\",\"url\":\"https:\/\/vana.euroopanoored.eu\/wp-content\/uploads\/2021\/01\/cropped-taustata-logo.png\",\"contentUrl\":\"https:\/\/vana.euroopanoored.eu\/wp-content\/uploads\/2021\/01\/cropped-taustata-logo.png\",\"width\":512,\"height\":512,\"caption\":\"Erasmus+ ja Euroopa Solidaarsuskorpuse Agentuuri Noorteprogrammide keskus\"},\"image\":{\"@id\":\"https:\/\/vana.euroopanoored.eu\/#\/schema\/logo\/image\/\"},\"sameAs\":[\"https:\/\/www.facebook.com\/euroopanoored\",\"https:\/\/www.instagram.com\/euroopanoored.eu\",\"https:\/\/www.youtube.com\/user\/euroopanoored\"]}]}<\/script>\n<!-- \/ Yoast SEO plugin. -->","yoast_head_json":{"title":"Koolitused &#8212; Erasmus+ ja Euroopa Solidaarsuskorpuse agentuuri noorteprogrammide keskus","robots":{"index":"noindex","follow":"follow","max-snippet":"max-snippet:-1","max-image-preview":"max-image-preview:large","max-video-preview":"max-video-preview:-1"},"og_locale":"ru_RU","og_type":"article","og_title":"Koolitused &#8212; Erasmus+ ja Euroopa Solidaarsuskorpuse agentuuri noorteprogrammide keskus","og_description":"\u041c\u043e\u043b\u043e\u0434\u0435\u0436\u043d\u043e\u0435 \u0430\u0433\u0435\u043d\u0442\u0441\u0442\u0432\u043e\u00a0\u043f\u0440\u0435\u0434\u043b\u0430\u0433\u0430\u0435\u0442 \u043c\u043e\u043b\u043e\u0434\u0435\u0436\u0438, \u043c\u043e\u043b\u043e\u0434\u0435\u0436\u043d\u044b\u043c \u0440\u0430\u0431\u043e\u0442\u043d\u0438\u043a\u0430\u043c, \u043b\u0438\u0434\u0435\u0440\u0430\u043c \u0438 \u043e\u0440\u0433\u0430\u043d\u0438\u0437\u0430\u0446\u0438\u044f\u043c \u0440\u0430\u0437\u043d\u044b\u0435 \u0432\u043e\u0437\u043c\u043e\u0436\u043d\u043e\u0441\u0442\u0438 \u0434\u043b\u044f \u043f\u0440\u043e\u0445\u043e\u0436\u0434\u0435\u043d\u0438\u044f \u0442\u0440\u0435\u043d\u0438\u043d\u0433\u043e\u0432 \u043f\u043e \u0441\u0430\u043c\u044b\u043c \u0440\u0430\u0437\u043d\u044b\u043c \u0442\u0435\u043c\u0430\u043c. \u041e\u0440\u0433\u0430\u043d\u0438\u0437\u0430\u0446\u0438\u0435\u0439 \u0438 \u043f\u0440\u043e\u0432\u0435\u0434\u0435\u043d\u0438\u0435\u043c \u0442\u0440\u0435\u043d\u0438\u043d\u0433\u043e\u0432 \u043c\u044b \u0440\u0430\u0437\u0432\u0438\u0432\u0430\u0435\u043c \u043a\u0430\u0447\u0435\u0441\u0442\u0432\u043e \u0441\u043e\u0441\u0442\u0430\u0432\u043b\u0435\u043d\u0438\u044f \u043f\u0440\u043e\u0435\u043a\u0442\u043d\u044b\u0445 \u0437\u0430\u044f\u0432\u043e\u043a \u0438 \u043f\u0440\u043e\u0432\u0435\u0434\u0435\u043d\u0438\u044f \u043f\u0440\u043e\u0435\u043a\u0442\u043d\u044b\u0445 \u043c\u0435\u0440\u043e\u043f\u0440\u0438\u044f\u0442\u0438\u0439 \u0432 \u043f\u0440\u043e\u0433\u0440\u0430\u043c\u043c\u0435 Erasmus+. \u042d\u0442\u0438\u043c \u0436\u0435 \u0441\u043f\u043e\u0441\u043e\u0431\u043e\u043c \u043c\u044b \u0432\u043b\u0438\u044f\u0435\u043c \u043d\u0430 \u0440\u0430\u0437\u0432\u0438\u0442\u0438\u0435 \u043a\u0430\u0447\u0435\u0441\u0442\u0432\u0430 \u043c\u043e\u043b\u043e\u0434\u0435\u0436\u043d\u043e\u0439 \u0440\u0430\u0431\u043e\u0442\u044b \u0432 [&hellip;]","og_url":"https:\/\/vana.euroopanoored.eu\/ru\/treningi\/","og_site_name":"Erasmus+ ja Euroopa Solidaarsuskorpuse agentuuri noorteprogrammide keskus","article_publisher":"https:\/\/www.facebook.com\/euroopanoored","article_modified_time":"2017-03-09T11:54:40+00:00","og_image":[{"width":1920,"height":1005,"url":"https:\/\/vana.euroopanoored.eu\/wp-content\/uploads\/2021\/05\/page.png","type":"image\/png"}],"twitter_card":"summary_large_image","twitter_misc":{"\u041f\u0440\u0438\u043c\u0435\u0440\u043d\u043e\u0435 \u0432\u0440\u0435\u043c\u044f \u0434\u043b\u044f \u0447\u0442\u0435\u043d\u0438\u044f":"1 \u043c\u0438\u043d\u0443\u0442\u0430"},"schema":{"@context":"https:\/\/schema.org","@graph":[{"@type":"WebPage","@id":"https:\/\/vana.euroopanoored.eu\/ru\/treningi\/","url":"https:\/\/vana.euroopanoored.eu\/ru\/treningi\/","name":"Koolitused &#8212; Erasmus+ ja Euroopa Solidaarsuskorpuse agentuuri noorteprogrammide keskus","isPartOf":{"@id":"https:\/\/vana.euroopanoored.eu\/#website"},"datePublished":"2014-03-06T15:22:27+00:00","dateModified":"2017-03-09T11:54:40+00:00","breadcrumb":{"@id":"https:\/\/vana.euroopanoored.eu\/ru\/treningi\/#breadcrumb"},"inLanguage":"ru-RU","potentialAction":[{"@type":"ReadAction","target":["https:\/\/vana.euroopanoored.eu\/ru\/treningi\/"]}]},{"@type":"BreadcrumbList","@id":"https:\/\/vana.euroopanoored.eu\/ru\/treningi\/#breadcrumb","itemListElement":[{"@type":"ListItem","position":1,"name":"Home","item":"https:\/\/euroopanoored.eu\/ru\/"},{"@type":"ListItem","position":2,"name":"Koolitused"}]},{"@type":"WebSite","@id":"https:\/\/vana.euroopanoored.eu\/#website","url":"https:\/\/vana.euroopanoored.eu\/","name":"Erasmus+ ja Euroopa Solidaarsuskorpuse agentuuri noorteprogrammide keskus","description":"Rahvusvahelised noorteprojektid, vabatahtlik teenistus, noorsoot&ouml;&ouml; arendamine, koolitused ja palju muud vahvat.","publisher":{"@id":"https:\/\/vana.euroopanoored.eu\/#organization"},"potentialAction":[{"@type":"SearchAction","target":{"@type":"EntryPoint","urlTemplate":"https:\/\/vana.euroopanoored.eu\/?s={search_term_string}"},"query-input":"required name=search_term_string"}],"inLanguage":"ru-RU"},{"@type":"Organization","@id":"https:\/\/vana.euroopanoored.eu\/#organization","name":"Erasmus+ ja Euroopa Solidaarsuskorpuse Agentuuri Noorteprogrammide keskus","url":"https:\/\/vana.euroopanoored.eu\/","logo":{"@type":"ImageObject","inLanguage":"ru-RU","@id":"https:\/\/vana.euroopanoored.eu\/#\/schema\/logo\/image\/","url":"https:\/\/vana.euroopanoored.eu\/wp-content\/uploads\/2021\/01\/cropped-taustata-logo.png","contentUrl":"https:\/\/vana.euroopanoored.eu\/wp-content\/uploads\/2021\/01\/cropped-taustata-logo.png","width":512,"height":512,"caption":"Erasmus+ ja Euroopa Solidaarsuskorpuse Agentuuri Noorteprogrammide keskus"},"image":{"@id":"https:\/\/vana.euroopanoored.eu\/#\/schema\/logo\/image\/"},"sameAs":["https:\/\/www.facebook.com\/euroopanoored","https:\/\/www.instagram.com\/euroopanoored.eu","https:\/\/www.youtube.com\/user\/euroopanoored"]}]}},"publishpress_future_action":{"enabled":false,"date":"2026-05-13 16:07:47","action":"draft","terms":[],"taxonomy":"category"},"_links":{"self":[{"href":"https:\/\/vana.euroopanoored.eu\/ru\/wp-json\/wp\/v2\/pages\/6388"}],"collection":[{"href":"https:\/\/vana.euroopanoored.eu\/ru\/wp-json\/wp\/v2\/pages"}],"about":[{"href":"https:\/\/vana.euroopanoored.eu\/ru\/wp-json\/wp\/v2\/types\/page"}],"author":[{"embeddable":true,"href":"https:\/\/vana.euroopanoored.eu\/ru\/wp-json\/wp\/v2\/users\/1608"}],"replies":[{"embeddable":true,"href":"https:\/\/vana.euroopanoored.eu\/ru\/wp-json\/wp\/v2\/comments?post=6388"}],"version-history":[{"count":3,"href":"https:\/\/vana.euroopanoored.eu\/ru\/wp-json\/wp\/v2\/pages\/6388\/revisions"}],"predecessor-version":[{"id":23291,"href":"https:\/\/vana.euroopanoored.eu\/ru\/wp-json\/wp\/v2\/pages\/6388\/revisions\/23291"}],"wp:attachment":[{"href":"https:\/\/vana.euroopanoored.eu\/ru\/wp-json\/wp\/v2\/media?parent=6388"}],"wp:term":[{"taxonomy":"category","embeddable":true,"href":"https:\/\/vana.euroopanoored.eu\/ru\/wp-json\/wp\/v2\/categories?post=6388"},{"taxonomy":"post_tag","embeddable":true,"href":"https:\/\/vana.euroopanoored.eu\/ru\/wp-json\/wp\/v2\/tags?post=6388"}],"curies":[{"name":"wp","href":"https:\/\/api.w.org\/{rel}","templated":true}]}}