{"id":41441,"date":"2021-09-28T12:57:47","date_gmt":"2021-09-28T09:57:47","guid":{"rendered":"https:\/\/euroopanoored.eu\/?page_id=41441"},"modified":"2021-09-28T12:57:47","modified_gmt":"2021-09-28T09:57:47","slug":"kaasava-noorsootoo-koostooprojekt","status":"publish","type":"page","link":"https:\/\/vana.euroopanoored.eu\/ru\/%d0%be-%d0%bd%d0%b0%d1%81\/%d0%b4%d0%b5%d1%8f%d1%82%d0%b5%d0%bb%d1%8c%d0%bd%d0%be%d1%81%d1%82%d1%8c\/kaasava-noorsootoo-koostooprojekt\/","title":{"rendered":"Kaasava noorsoot\u00f6\u00f6 koost\u00f6\u00f6projekt"},"content":{"rendered":"<p>Kaasatuse koost\u00f6\u00f6projekti (ingl. k. Strategic Partnership on Inclusion (SPI)) eesm\u00e4rk on tuua rahvusvahelistesse noorteprogrammidesse osalema rohkem kaasatusega tegelevaid organisatsioone. Teine oluline eesm\u00e4rk on suurendada v\u00e4hemate v\u00f5imalustega noorte osalemist Erasmus+ ja Euroopa Solidaarsuskorpuse programmides. SPI on 15 riikliku agentuuri ja 2 SALTO keskuse \u00fchine strateegiline koost\u00f6\u00f6projekt.<\/p>\n<p>V\u00e4hemate v\u00f5imalustega noored on v\u00f5rreldes oma eakaaslastega ebasoodsamas olukorras, sest nad kogevad oma elus teatud takistavaid olusid, mis omakorda raskendavad nende osalemist hariduses (olgu selleks siis kooliharidus v\u00f5i mitteformaalse \u00f5ppe v\u00f5imalused), kodaniku\u00f5iguste teostamises ja \u00fchiskondlikus elus laiemalt.<\/p>\n<p>Agentuuride \u00fchise strateegilise projektiga toetatakse noori takistuste \u00fcletamises ja soodustatakse ligip\u00e4\u00e4su \u00f5ppimis- ja \u00f5pir\u00e4ndev\u00f5imalustele. Eestis, nii nagu ka teistes partnerriikides, korraldatakse kaasatuse j\u00e4tkusuutlikkuse edendamiseks kohalikke ja rahvusvahelisi tegevusi, nt koolitused, seminarid, projektilaborid, jm.<\/p>\n<p>Juhul kui sina ja\/v\u00f5i sinu organisatsioon soovib \u00f5ppida ja panustada kaasatuse valdkonda, siis v\u00f5ta \u00fchendust <a href=\"https:\/\/vana.euroopanoored.eu\/meist\/inimesed\/\">kaasava noorsoot\u00f6\u00f6 projektijuhiga<\/a>.<\/p>\n<h2>Kolm sihtgrupil p\u00f5hinevat tegevussuunda<\/h2>\n<ul>\n<li>Noored, kellel on erinevad v\u00f5imed tulenevalt tervisest<\/li>\n<li>NEET-noored e. noored, kes ei \u00f5pi, ei t\u00f6\u00f6ta ega osale ka v\u00e4lja\u00f5ppes ega koolitusel<\/li>\n<li>Noored, kes asuvad piiratud v\u00f5imalustega piirkondades<\/li>\n<\/ul>\n<h2>Tegevused<\/h2>\n<ul>\n<li>vajaduste ja potentsiaalsete organisatsioonide kaardistamine<\/li>\n<li>motivatsioon, informeeritus ja p\u00e4devuse suurendamine<\/li>\n<li>v\u00f5rgustik ja koost\u00f6\u00f6suhete loomine<\/li>\n<li>organisatsioonide \u00f5pir\u00e4ndes osalemise toetamine e. n\u00f5ustamisteenus projektidele, mis tegelevad kaasatuse teemaga<\/li>\n<li>olemasolevate t\u00f6\u00f6riistade kaardistamine v\u00f5i uute loomine<\/li>\n<li>tulemuste j\u00e4lgimine ja katsetatud meetodite j\u00e4\u00e4dvustamine<\/li>\n<\/ul>\n<h2>Toetavad materjalid<\/h2>\n<ul>\n<li><a href=\"https:\/\/vana.euroopanoored.eu\/kvaliteet\/prioriteedid\/kaasatus\/\">Kaasatuse alaleht<\/a><\/li>\n<li><a href=\"https:\/\/vana.euroopanoored.eu\/wp-content\/uploads\/2020\/09\/SPI-mission-statement.pdf\">Strategic Partnership for Inclusion mission statement<\/a><\/li>\n<li><a href=\"https:\/\/www.salto-youth.net\/downloads\/4-17-3810\/Cookbook%20on%20Inclusion.pdf\">Cookbook for Inclusion for NAs<\/a><\/li>\n<li><a href=\"https:\/\/www.salto-youth.net\/downloads\/4-17-3652\/Guide_Erasmusplus_Mobility_Disability_EN.pdf\">Praktiline k\u00e4siraamat Beyond Disability: European Mobility for All<\/a><\/li>\n<\/ul>\n<p>&nbsp;<\/p>\n<p>Rohkem infot projekti kohta:<br \/>\n<a href=\"https:\/\/www.salto-youth.net\/rc\/inclusion\/inclusionfornas\/spinclusion\/\">https:\/\/www.salto-youth.net\/rc\/inclusion\/inclusionfornas\/spinclusion\/<\/a><\/p>\n<p>&nbsp;<\/p>\n<p><iframe loading=\"lazy\" src=\"https:\/\/www.youtube.com\/embed\/IwiMNA1-7aI\" width=\"560\" height=\"315\" frameborder=\"0\" allowfullscreen=\"allowfullscreen\" data-mce-fragment=\"1\"><\/iframe><\/p>\n<!-- AddThis Advanced Settings generic via filter on the_content --><!-- AddThis Share Buttons generic via filter on the_content -->","protected":false},"excerpt":{"rendered":"<p>Kaasatuse koost\u00f6\u00f6projekti (ingl. k. Strategic Partnership on Inclusion (SPI)) eesm\u00e4rk on tuua rahvusvahelistesse noorteprogrammidesse osalema rohkem kaasatusega tegelevaid organisatsioone. Teine oluline eesm\u00e4rk on suurendada v\u00e4hemate v\u00f5imalustega noorte osalemist Erasmus+ ja Euroopa Solidaarsuskorpuse programmides. SPI on 15 riikliku agentuuri ja 2 SALTO keskuse \u00fchine strateegiline koost\u00f6\u00f6projekt. [&hellip;]<\/p>\n","protected":false},"author":1608,"featured_media":0,"parent":3104,"menu_order":3,"comment_status":"closed","ping_status":"closed","template":"","meta":{"footnotes":""},"categories":[],"tags":[],"yoast_head":"<!-- This site is optimized with the Yoast SEO plugin v22.2 - https:\/\/yoast.com\/wordpress\/plugins\/seo\/ -->\n<title>Kaasava noorsoot\u00f6\u00f6 koost\u00f6\u00f6projekt &#8212; Erasmus+ ja Euroopa Solidaarsuskorpuse agentuuri noorteprogrammide keskus<\/title>\n<meta name=\"robots\" content=\"noindex, follow, max-snippet:-1, max-image-preview:large, max-video-preview:-1\" \/>\n<meta property=\"og:locale\" content=\"ru_RU\" \/>\n<meta property=\"og:type\" content=\"article\" \/>\n<meta property=\"og:title\" content=\"Kaasava noorsoot\u00f6\u00f6 koost\u00f6\u00f6projekt &#8212; Erasmus+ ja Euroopa Solidaarsuskorpuse agentuuri noorteprogrammide keskus\" \/>\n<meta property=\"og:description\" content=\"Kaasatuse koost\u00f6\u00f6projekti (ingl. k. Strategic Partnership on Inclusion (SPI)) eesm\u00e4rk on tuua rahvusvahelistesse noorteprogrammidesse osalema rohkem kaasatusega tegelevaid organisatsioone. Teine oluline eesm\u00e4rk on suurendada v\u00e4hemate v\u00f5imalustega noorte osalemist Erasmus+ ja Euroopa Solidaarsuskorpuse programmides. SPI on 15 riikliku agentuuri ja 2 SALTO keskuse \u00fchine strateegiline koost\u00f6\u00f6projekt. [&hellip;]\" \/>\n<meta property=\"og:url\" content=\"https:\/\/vana.euroopanoored.eu\/ru\/\u043e-\u043d\u0430\u0441\/\u0434\u0435\u044f\u0442\u0435\u043b\u044c\u043d\u043e\u0441\u0442\u044c\/kaasava-noorsootoo-koostooprojekt\/\" \/>\n<meta property=\"og:site_name\" content=\"Erasmus+ ja Euroopa Solidaarsuskorpuse agentuuri noorteprogrammide keskus\" \/>\n<meta property=\"article:publisher\" content=\"https:\/\/www.facebook.com\/euroopanoored\" \/>\n<meta property=\"og:image\" content=\"https:\/\/vana.euroopanoored.eu\/wp-content\/uploads\/2021\/05\/page.png\" \/>\n\t<meta property=\"og:image:width\" content=\"1920\" \/>\n\t<meta property=\"og:image:height\" content=\"1005\" \/>\n\t<meta property=\"og:image:type\" content=\"image\/png\" \/>\n<meta name=\"twitter:card\" content=\"summary_large_image\" \/>\n<meta name=\"twitter:label1\" content=\"\u041f\u0440\u0438\u043c\u0435\u0440\u043d\u043e\u0435 \u0432\u0440\u0435\u043c\u044f \u0434\u043b\u044f \u0447\u0442\u0435\u043d\u0438\u044f\" \/>\n\t<meta name=\"twitter:data1\" content=\"2 \u043c\u0438\u043d\u0443\u0442\u044b\" \/>\n<script type=\"application\/ld+json\" class=\"yoast-schema-graph\">{\"@context\":\"https:\/\/schema.org\",\"@graph\":[{\"@type\":\"WebPage\",\"@id\":\"https:\/\/vana.euroopanoored.eu\/ru\/%d0%be-%d0%bd%d0%b0%d1%81\/%d0%b4%d0%b5%d1%8f%d1%82%d0%b5%d0%bb%d1%8c%d0%bd%d0%be%d1%81%d1%82%d1%8c\/kaasava-noorsootoo-koostooprojekt\/\",\"url\":\"https:\/\/vana.euroopanoored.eu\/ru\/%d0%be-%d0%bd%d0%b0%d1%81\/%d0%b4%d0%b5%d1%8f%d1%82%d0%b5%d0%bb%d1%8c%d0%bd%d0%be%d1%81%d1%82%d1%8c\/kaasava-noorsootoo-koostooprojekt\/\",\"name\":\"Kaasava noorsoot\u00f6\u00f6 koost\u00f6\u00f6projekt &#8212; Erasmus+ ja Euroopa Solidaarsuskorpuse agentuuri noorteprogrammide keskus\",\"isPartOf\":{\"@id\":\"https:\/\/vana.euroopanoored.eu\/#website\"},\"datePublished\":\"2021-09-28T09:57:47+00:00\",\"dateModified\":\"2021-09-28T09:57:47+00:00\",\"breadcrumb\":{\"@id\":\"https:\/\/vana.euroopanoored.eu\/ru\/%d0%be-%d0%bd%d0%b0%d1%81\/%d0%b4%d0%b5%d1%8f%d1%82%d0%b5%d0%bb%d1%8c%d0%bd%d0%be%d1%81%d1%82%d1%8c\/kaasava-noorsootoo-koostooprojekt\/#breadcrumb\"},\"inLanguage\":\"ru-RU\",\"potentialAction\":[{\"@type\":\"ReadAction\",\"target\":[\"https:\/\/vana.euroopanoored.eu\/ru\/%d0%be-%d0%bd%d0%b0%d1%81\/%d0%b4%d0%b5%d1%8f%d1%82%d0%b5%d0%bb%d1%8c%d0%bd%d0%be%d1%81%d1%82%d1%8c\/kaasava-noorsootoo-koostooprojekt\/\"]}]},{\"@type\":\"BreadcrumbList\",\"@id\":\"https:\/\/vana.euroopanoored.eu\/ru\/%d0%be-%d0%bd%d0%b0%d1%81\/%d0%b4%d0%b5%d1%8f%d1%82%d0%b5%d0%bb%d1%8c%d0%bd%d0%be%d1%81%d1%82%d1%8c\/kaasava-noorsootoo-koostooprojekt\/#breadcrumb\",\"itemListElement\":[{\"@type\":\"ListItem\",\"position\":1,\"name\":\"Home\",\"item\":\"https:\/\/euroopanoored.eu\/ru\/\"},{\"@type\":\"ListItem\",\"position\":2,\"name\":\"\u041e \u043d\u0430\u0441\",\"item\":\"https:\/\/euroopanoored.eu\/ru\/%d0%be-%d0%bd%d0%b0%d1%81\/\"},{\"@type\":\"ListItem\",\"position\":3,\"name\":\"\u0414\u0435\u044f\u0442\u0435\u043b\u044c\u043d\u043e\u0441\u0442\u044c\",\"item\":\"https:\/\/euroopanoored.eu\/ru\/%d0%be-%d0%bd%d0%b0%d1%81\/%d0%b4%d0%b5%d1%8f%d1%82%d0%b5%d0%bb%d1%8c%d0%bd%d0%be%d1%81%d1%82%d1%8c\/\"},{\"@type\":\"ListItem\",\"position\":4,\"name\":\"Kaasava noorsoot\u00f6\u00f6 koost\u00f6\u00f6projekt\"}]},{\"@type\":\"WebSite\",\"@id\":\"https:\/\/vana.euroopanoored.eu\/#website\",\"url\":\"https:\/\/vana.euroopanoored.eu\/\",\"name\":\"Erasmus+ ja Euroopa Solidaarsuskorpuse agentuuri noorteprogrammide keskus\",\"description\":\"Rahvusvahelised noorteprojektid, vabatahtlik teenistus, noorsoot&ouml;&ouml; arendamine, koolitused ja palju muud vahvat.\",\"publisher\":{\"@id\":\"https:\/\/vana.euroopanoored.eu\/#organization\"},\"potentialAction\":[{\"@type\":\"SearchAction\",\"target\":{\"@type\":\"EntryPoint\",\"urlTemplate\":\"https:\/\/vana.euroopanoored.eu\/?s={search_term_string}\"},\"query-input\":\"required name=search_term_string\"}],\"inLanguage\":\"ru-RU\"},{\"@type\":\"Organization\",\"@id\":\"https:\/\/vana.euroopanoored.eu\/#organization\",\"name\":\"Erasmus+ ja Euroopa Solidaarsuskorpuse Agentuuri Noorteprogrammide keskus\",\"url\":\"https:\/\/vana.euroopanoored.eu\/\",\"logo\":{\"@type\":\"ImageObject\",\"inLanguage\":\"ru-RU\",\"@id\":\"https:\/\/vana.euroopanoored.eu\/#\/schema\/logo\/image\/\",\"url\":\"https:\/\/vana.euroopanoored.eu\/wp-content\/uploads\/2021\/01\/cropped-taustata-logo.png\",\"contentUrl\":\"https:\/\/vana.euroopanoored.eu\/wp-content\/uploads\/2021\/01\/cropped-taustata-logo.png\",\"width\":512,\"height\":512,\"caption\":\"Erasmus+ ja Euroopa Solidaarsuskorpuse Agentuuri Noorteprogrammide keskus\"},\"image\":{\"@id\":\"https:\/\/vana.euroopanoored.eu\/#\/schema\/logo\/image\/\"},\"sameAs\":[\"https:\/\/www.facebook.com\/euroopanoored\",\"https:\/\/www.instagram.com\/euroopanoored.eu\",\"https:\/\/www.youtube.com\/user\/euroopanoored\"]}]}<\/script>\n<!-- \/ Yoast SEO plugin. -->","yoast_head_json":{"title":"Kaasava noorsoot\u00f6\u00f6 koost\u00f6\u00f6projekt &#8212; Erasmus+ ja Euroopa Solidaarsuskorpuse agentuuri noorteprogrammide keskus","robots":{"index":"noindex","follow":"follow","max-snippet":"max-snippet:-1","max-image-preview":"max-image-preview:large","max-video-preview":"max-video-preview:-1"},"og_locale":"ru_RU","og_type":"article","og_title":"Kaasava noorsoot\u00f6\u00f6 koost\u00f6\u00f6projekt &#8212; Erasmus+ ja Euroopa Solidaarsuskorpuse agentuuri noorteprogrammide keskus","og_description":"Kaasatuse koost\u00f6\u00f6projekti (ingl. k. Strategic Partnership on Inclusion (SPI)) eesm\u00e4rk on tuua rahvusvahelistesse noorteprogrammidesse osalema rohkem kaasatusega tegelevaid organisatsioone. Teine oluline eesm\u00e4rk on suurendada v\u00e4hemate v\u00f5imalustega noorte osalemist Erasmus+ ja Euroopa Solidaarsuskorpuse programmides. SPI on 15 riikliku agentuuri ja 2 SALTO keskuse \u00fchine strateegiline koost\u00f6\u00f6projekt. [&hellip;]","og_url":"https:\/\/vana.euroopanoored.eu\/ru\/\u043e-\u043d\u0430\u0441\/\u0434\u0435\u044f\u0442\u0435\u043b\u044c\u043d\u043e\u0441\u0442\u044c\/kaasava-noorsootoo-koostooprojekt\/","og_site_name":"Erasmus+ ja Euroopa Solidaarsuskorpuse agentuuri noorteprogrammide keskus","article_publisher":"https:\/\/www.facebook.com\/euroopanoored","og_image":[{"width":1920,"height":1005,"url":"https:\/\/vana.euroopanoored.eu\/wp-content\/uploads\/2021\/05\/page.png","type":"image\/png"}],"twitter_card":"summary_large_image","twitter_misc":{"\u041f\u0440\u0438\u043c\u0435\u0440\u043d\u043e\u0435 \u0432\u0440\u0435\u043c\u044f \u0434\u043b\u044f \u0447\u0442\u0435\u043d\u0438\u044f":"2 \u043c\u0438\u043d\u0443\u0442\u044b"},"schema":{"@context":"https:\/\/schema.org","@graph":[{"@type":"WebPage","@id":"https:\/\/vana.euroopanoored.eu\/ru\/%d0%be-%d0%bd%d0%b0%d1%81\/%d0%b4%d0%b5%d1%8f%d1%82%d0%b5%d0%bb%d1%8c%d0%bd%d0%be%d1%81%d1%82%d1%8c\/kaasava-noorsootoo-koostooprojekt\/","url":"https:\/\/vana.euroopanoored.eu\/ru\/%d0%be-%d0%bd%d0%b0%d1%81\/%d0%b4%d0%b5%d1%8f%d1%82%d0%b5%d0%bb%d1%8c%d0%bd%d0%be%d1%81%d1%82%d1%8c\/kaasava-noorsootoo-koostooprojekt\/","name":"Kaasava noorsoot\u00f6\u00f6 koost\u00f6\u00f6projekt &#8212; Erasmus+ ja Euroopa Solidaarsuskorpuse agentuuri noorteprogrammide keskus","isPartOf":{"@id":"https:\/\/vana.euroopanoored.eu\/#website"},"datePublished":"2021-09-28T09:57:47+00:00","dateModified":"2021-09-28T09:57:47+00:00","breadcrumb":{"@id":"https:\/\/vana.euroopanoored.eu\/ru\/%d0%be-%d0%bd%d0%b0%d1%81\/%d0%b4%d0%b5%d1%8f%d1%82%d0%b5%d0%bb%d1%8c%d0%bd%d0%be%d1%81%d1%82%d1%8c\/kaasava-noorsootoo-koostooprojekt\/#breadcrumb"},"inLanguage":"ru-RU","potentialAction":[{"@type":"ReadAction","target":["https:\/\/vana.euroopanoored.eu\/ru\/%d0%be-%d0%bd%d0%b0%d1%81\/%d0%b4%d0%b5%d1%8f%d1%82%d0%b5%d0%bb%d1%8c%d0%bd%d0%be%d1%81%d1%82%d1%8c\/kaasava-noorsootoo-koostooprojekt\/"]}]},{"@type":"BreadcrumbList","@id":"https:\/\/vana.euroopanoored.eu\/ru\/%d0%be-%d0%bd%d0%b0%d1%81\/%d0%b4%d0%b5%d1%8f%d1%82%d0%b5%d0%bb%d1%8c%d0%bd%d0%be%d1%81%d1%82%d1%8c\/kaasava-noorsootoo-koostooprojekt\/#breadcrumb","itemListElement":[{"@type":"ListItem","position":1,"name":"Home","item":"https:\/\/euroopanoored.eu\/ru\/"},{"@type":"ListItem","position":2,"name":"\u041e \u043d\u0430\u0441","item":"https:\/\/euroopanoored.eu\/ru\/%d0%be-%d0%bd%d0%b0%d1%81\/"},{"@type":"ListItem","position":3,"name":"\u0414\u0435\u044f\u0442\u0435\u043b\u044c\u043d\u043e\u0441\u0442\u044c","item":"https:\/\/euroopanoored.eu\/ru\/%d0%be-%d0%bd%d0%b0%d1%81\/%d0%b4%d0%b5%d1%8f%d1%82%d0%b5%d0%bb%d1%8c%d0%bd%d0%be%d1%81%d1%82%d1%8c\/"},{"@type":"ListItem","position":4,"name":"Kaasava noorsoot\u00f6\u00f6 koost\u00f6\u00f6projekt"}]},{"@type":"WebSite","@id":"https:\/\/vana.euroopanoored.eu\/#website","url":"https:\/\/vana.euroopanoored.eu\/","name":"Erasmus+ ja Euroopa Solidaarsuskorpuse agentuuri noorteprogrammide keskus","description":"Rahvusvahelised noorteprojektid, vabatahtlik teenistus, noorsoot&ouml;&ouml; arendamine, koolitused ja palju muud vahvat.","publisher":{"@id":"https:\/\/vana.euroopanoored.eu\/#organization"},"potentialAction":[{"@type":"SearchAction","target":{"@type":"EntryPoint","urlTemplate":"https:\/\/vana.euroopanoored.eu\/?s={search_term_string}"},"query-input":"required name=search_term_string"}],"inLanguage":"ru-RU"},{"@type":"Organization","@id":"https:\/\/vana.euroopanoored.eu\/#organization","name":"Erasmus+ ja Euroopa Solidaarsuskorpuse Agentuuri Noorteprogrammide keskus","url":"https:\/\/vana.euroopanoored.eu\/","logo":{"@type":"ImageObject","inLanguage":"ru-RU","@id":"https:\/\/vana.euroopanoored.eu\/#\/schema\/logo\/image\/","url":"https:\/\/vana.euroopanoored.eu\/wp-content\/uploads\/2021\/01\/cropped-taustata-logo.png","contentUrl":"https:\/\/vana.euroopanoored.eu\/wp-content\/uploads\/2021\/01\/cropped-taustata-logo.png","width":512,"height":512,"caption":"Erasmus+ ja Euroopa Solidaarsuskorpuse Agentuuri Noorteprogrammide keskus"},"image":{"@id":"https:\/\/vana.euroopanoored.eu\/#\/schema\/logo\/image\/"},"sameAs":["https:\/\/www.facebook.com\/euroopanoored","https:\/\/www.instagram.com\/euroopanoored.eu","https:\/\/www.youtube.com\/user\/euroopanoored"]}]}},"publishpress_future_action":{"enabled":false,"date":"2026-05-13 12:05:07","action":"draft","terms":[],"taxonomy":"category"},"_links":{"self":[{"href":"https:\/\/vana.euroopanoored.eu\/ru\/wp-json\/wp\/v2\/pages\/41441"}],"collection":[{"href":"https:\/\/vana.euroopanoored.eu\/ru\/wp-json\/wp\/v2\/pages"}],"about":[{"href":"https:\/\/vana.euroopanoored.eu\/ru\/wp-json\/wp\/v2\/types\/page"}],"author":[{"embeddable":true,"href":"https:\/\/vana.euroopanoored.eu\/ru\/wp-json\/wp\/v2\/users\/1608"}],"replies":[{"embeddable":true,"href":"https:\/\/vana.euroopanoored.eu\/ru\/wp-json\/wp\/v2\/comments?post=41441"}],"version-history":[{"count":3,"href":"https:\/\/vana.euroopanoored.eu\/ru\/wp-json\/wp\/v2\/pages\/41441\/revisions"}],"predecessor-version":[{"id":41444,"href":"https:\/\/vana.euroopanoored.eu\/ru\/wp-json\/wp\/v2\/pages\/41441\/revisions\/41444"}],"up":[{"embeddable":true,"href":"https:\/\/vana.euroopanoored.eu\/ru\/wp-json\/wp\/v2\/pages\/3104"}],"wp:attachment":[{"href":"https:\/\/vana.euroopanoored.eu\/ru\/wp-json\/wp\/v2\/media?parent=41441"}],"wp:term":[{"taxonomy":"category","embeddable":true,"href":"https:\/\/vana.euroopanoored.eu\/ru\/wp-json\/wp\/v2\/categories?post=41441"},{"taxonomy":"post_tag","embeddable":true,"href":"https:\/\/vana.euroopanoored.eu\/ru\/wp-json\/wp\/v2\/tags?post=41441"}],"curies":[{"name":"wp","href":"https:\/\/api.w.org\/{rel}","templated":true}]}}