{"id":4087,"date":"2014-03-06T23:23:11","date_gmt":"2014-03-06T21:23:11","guid":{"rendered":"https:\/\/euroopanoored.eu\/?page_id=4087"},"modified":"2021-01-21T15:26:16","modified_gmt":"2021-01-21T13:26:16","slug":"%d1%85%d0%be%d0%b4%d0%b0%d1%82%d0%b0%d0%b9%d1%81%d1%82%d0%b2%d0%be","status":"publish","type":"page","link":"https:\/\/vana.euroopanoored.eu\/ru\/%d1%85%d0%be%d0%b4%d0%b0%d1%82%d0%b0%d0%b9%d1%81%d1%82%d0%b2%d0%be\/","title":{"rendered":"\u0425\u043e\u0434\u0430\u0442\u0430\u0439\u0441\u0442\u0432\u043e"},"content":{"rendered":"<p>To be announced!<\/p>\n<!-- AddThis Advanced Settings generic via filter on the_content --><!-- AddThis Share Buttons generic via filter on the_content -->","protected":false},"excerpt":{"rendered":"<p>Erasmus+ programm rahastab noorte ja noorsoot\u00f6\u00f6tajate h\u00e4id ideid<\/p>\n","protected":false},"author":1608,"featured_media":1216,"parent":0,"menu_order":1,"comment_status":"closed","ping_status":"closed","template":"template-application.php","meta":{"footnotes":""},"categories":[793],"tags":[],"yoast_head":"<!-- This site is optimized with the Yoast SEO plugin v22.2 - https:\/\/yoast.com\/wordpress\/plugins\/seo\/ -->\n<title>\u0425\u043e\u0434\u0430\u0442\u0430\u0439\u0441\u0442\u0432\u043e &#8212; Erasmus+ ja Euroopa Solidaarsuskorpuse agentuuri noorteprogrammide keskus<\/title>\n<meta name=\"robots\" content=\"noindex, follow, max-snippet:-1, max-image-preview:large, max-video-preview:-1\" \/>\n<meta property=\"og:locale\" content=\"ru_RU\" \/>\n<meta property=\"og:type\" content=\"article\" \/>\n<meta property=\"og:title\" content=\"\u0425\u043e\u0434\u0430\u0442\u0430\u0439\u0441\u0442\u0432\u043e &#8212; Erasmus+ ja Euroopa Solidaarsuskorpuse agentuuri noorteprogrammide keskus\" \/>\n<meta property=\"og:description\" content=\"Erasmus+ programm rahastab noorte ja noorsoot\u00f6\u00f6tajate h\u00e4id ideid\" \/>\n<meta property=\"og:url\" content=\"https:\/\/euroopanoored.eu\/ru\/\u0445\u043e\u0434\u0430\u0442\u0430\u0439\u0441\u0442\u0432\u043e\/\" \/>\n<meta property=\"og:site_name\" content=\"Erasmus+ ja Euroopa Solidaarsuskorpuse agentuuri noorteprogrammide keskus\" \/>\n<meta property=\"article:publisher\" content=\"https:\/\/www.facebook.com\/euroopanoored\" \/>\n<meta property=\"article:modified_time\" content=\"2021-01-21T13:26:16+00:00\" \/>\n<meta property=\"og:image\" content=\"https:\/\/euroopanoored.eu\/wp-content\/uploads\/2014\/03\/poiss-prillidega.jpg\" \/>\n\t<meta property=\"og:image:width\" content=\"1170\" \/>\n\t<meta property=\"og:image:height\" content=\"349\" \/>\n\t<meta property=\"og:image:type\" content=\"image\/jpeg\" \/>\n<meta name=\"twitter:card\" content=\"summary_large_image\" \/>\n<meta name=\"twitter:label1\" content=\"\u041f\u0440\u0438\u043c\u0435\u0440\u043d\u043e\u0435 \u0432\u0440\u0435\u043c\u044f \u0434\u043b\u044f \u0447\u0442\u0435\u043d\u0438\u044f\" \/>\n\t<meta name=\"twitter:data1\" content=\"1 \u043c\u0438\u043d\u0443\u0442\u0430\" \/>\n<script type=\"application\/ld+json\" class=\"yoast-schema-graph\">{\"@context\":\"https:\/\/schema.org\",\"@graph\":[{\"@type\":\"WebPage\",\"@id\":\"https:\/\/euroopanoored.eu\/ru\/%d1%85%d0%be%d0%b4%d0%b0%d1%82%d0%b0%d0%b9%d1%81%d1%82%d0%b2%d0%be\/\",\"url\":\"https:\/\/euroopanoored.eu\/ru\/%d1%85%d0%be%d0%b4%d0%b0%d1%82%d0%b0%d0%b9%d1%81%d1%82%d0%b2%d0%be\/\",\"name\":\"\u0425\u043e\u0434\u0430\u0442\u0430\u0439\u0441\u0442\u0432\u043e &#8212; Erasmus+ ja Euroopa Solidaarsuskorpuse agentuuri noorteprogrammide keskus\",\"isPartOf\":{\"@id\":\"https:\/\/vana.euroopanoored.eu\/#website\"},\"primaryImageOfPage\":{\"@id\":\"https:\/\/euroopanoored.eu\/ru\/%d1%85%d0%be%d0%b4%d0%b0%d1%82%d0%b0%d0%b9%d1%81%d1%82%d0%b2%d0%be\/#primaryimage\"},\"image\":{\"@id\":\"https:\/\/euroopanoored.eu\/ru\/%d1%85%d0%be%d0%b4%d0%b0%d1%82%d0%b0%d0%b9%d1%81%d1%82%d0%b2%d0%be\/#primaryimage\"},\"thumbnailUrl\":\"https:\/\/vana.euroopanoored.eu\/wp-content\/uploads\/2014\/03\/poiss-prillidega.jpg\",\"datePublished\":\"2014-03-06T21:23:11+00:00\",\"dateModified\":\"2021-01-21T13:26:16+00:00\",\"breadcrumb\":{\"@id\":\"https:\/\/euroopanoored.eu\/ru\/%d1%85%d0%be%d0%b4%d0%b0%d1%82%d0%b0%d0%b9%d1%81%d1%82%d0%b2%d0%be\/#breadcrumb\"},\"inLanguage\":\"ru-RU\",\"potentialAction\":[{\"@type\":\"ReadAction\",\"target\":[\"https:\/\/euroopanoored.eu\/ru\/%d1%85%d0%be%d0%b4%d0%b0%d1%82%d0%b0%d0%b9%d1%81%d1%82%d0%b2%d0%be\/\"]}]},{\"@type\":\"ImageObject\",\"inLanguage\":\"ru-RU\",\"@id\":\"https:\/\/euroopanoored.eu\/ru\/%d1%85%d0%be%d0%b4%d0%b0%d1%82%d0%b0%d0%b9%d1%81%d1%82%d0%b2%d0%be\/#primaryimage\",\"url\":\"https:\/\/vana.euroopanoored.eu\/wp-content\/uploads\/2014\/03\/poiss-prillidega.jpg\",\"contentUrl\":\"https:\/\/vana.euroopanoored.eu\/wp-content\/uploads\/2014\/03\/poiss-prillidega.jpg\",\"width\":1170,\"height\":349,\"caption\":\"\u0442\u0435\u0441\u0442\"},{\"@type\":\"BreadcrumbList\",\"@id\":\"https:\/\/euroopanoored.eu\/ru\/%d1%85%d0%be%d0%b4%d0%b0%d1%82%d0%b0%d0%b9%d1%81%d1%82%d0%b2%d0%be\/#breadcrumb\",\"itemListElement\":[{\"@type\":\"ListItem\",\"position\":1,\"name\":\"Home\",\"item\":\"https:\/\/euroopanoored.eu\/ru\/\"},{\"@type\":\"ListItem\",\"position\":2,\"name\":\"\u0425\u043e\u0434\u0430\u0442\u0430\u0439\u0441\u0442\u0432\u043e\"}]},{\"@type\":\"WebSite\",\"@id\":\"https:\/\/vana.euroopanoored.eu\/#website\",\"url\":\"https:\/\/vana.euroopanoored.eu\/\",\"name\":\"Erasmus+ ja Euroopa Solidaarsuskorpuse agentuuri noorteprogrammide keskus\",\"description\":\"Rahvusvahelised noorteprojektid, vabatahtlik teenistus, noorsoot&ouml;&ouml; arendamine, koolitused ja palju muud vahvat.\",\"publisher\":{\"@id\":\"https:\/\/vana.euroopanoored.eu\/#organization\"},\"potentialAction\":[{\"@type\":\"SearchAction\",\"target\":{\"@type\":\"EntryPoint\",\"urlTemplate\":\"https:\/\/vana.euroopanoored.eu\/?s={search_term_string}\"},\"query-input\":\"required name=search_term_string\"}],\"inLanguage\":\"ru-RU\"},{\"@type\":\"Organization\",\"@id\":\"https:\/\/vana.euroopanoored.eu\/#organization\",\"name\":\"Erasmus+ ja Euroopa Solidaarsuskorpuse Agentuuri Noorteprogrammide keskus\",\"url\":\"https:\/\/vana.euroopanoored.eu\/\",\"logo\":{\"@type\":\"ImageObject\",\"inLanguage\":\"ru-RU\",\"@id\":\"https:\/\/vana.euroopanoored.eu\/#\/schema\/logo\/image\/\",\"url\":\"https:\/\/vana.euroopanoored.eu\/wp-content\/uploads\/2021\/01\/cropped-taustata-logo.png\",\"contentUrl\":\"https:\/\/vana.euroopanoored.eu\/wp-content\/uploads\/2021\/01\/cropped-taustata-logo.png\",\"width\":512,\"height\":512,\"caption\":\"Erasmus+ ja Euroopa Solidaarsuskorpuse Agentuuri Noorteprogrammide keskus\"},\"image\":{\"@id\":\"https:\/\/vana.euroopanoored.eu\/#\/schema\/logo\/image\/\"},\"sameAs\":[\"https:\/\/www.facebook.com\/euroopanoored\",\"https:\/\/www.instagram.com\/euroopanoored.eu\",\"https:\/\/www.youtube.com\/user\/euroopanoored\"]}]}<\/script>\n<!-- \/ Yoast SEO plugin. -->","yoast_head_json":{"title":"\u0425\u043e\u0434\u0430\u0442\u0430\u0439\u0441\u0442\u0432\u043e &#8212; Erasmus+ ja Euroopa Solidaarsuskorpuse agentuuri noorteprogrammide keskus","robots":{"index":"noindex","follow":"follow","max-snippet":"max-snippet:-1","max-image-preview":"max-image-preview:large","max-video-preview":"max-video-preview:-1"},"og_locale":"ru_RU","og_type":"article","og_title":"\u0425\u043e\u0434\u0430\u0442\u0430\u0439\u0441\u0442\u0432\u043e &#8212; Erasmus+ ja Euroopa Solidaarsuskorpuse agentuuri noorteprogrammide keskus","og_description":"Erasmus+ programm rahastab noorte ja noorsoot\u00f6\u00f6tajate h\u00e4id ideid","og_url":"https:\/\/euroopanoored.eu\/ru\/\u0445\u043e\u0434\u0430\u0442\u0430\u0439\u0441\u0442\u0432\u043e\/","og_site_name":"Erasmus+ ja Euroopa Solidaarsuskorpuse agentuuri noorteprogrammide keskus","article_publisher":"https:\/\/www.facebook.com\/euroopanoored","article_modified_time":"2021-01-21T13:26:16+00:00","og_image":[{"width":1170,"height":349,"url":"https:\/\/euroopanoored.eu\/wp-content\/uploads\/2014\/03\/poiss-prillidega.jpg","type":"image\/jpeg"}],"twitter_card":"summary_large_image","twitter_misc":{"\u041f\u0440\u0438\u043c\u0435\u0440\u043d\u043e\u0435 \u0432\u0440\u0435\u043c\u044f \u0434\u043b\u044f \u0447\u0442\u0435\u043d\u0438\u044f":"1 \u043c\u0438\u043d\u0443\u0442\u0430"},"schema":{"@context":"https:\/\/schema.org","@graph":[{"@type":"WebPage","@id":"https:\/\/euroopanoored.eu\/ru\/%d1%85%d0%be%d0%b4%d0%b0%d1%82%d0%b0%d0%b9%d1%81%d1%82%d0%b2%d0%be\/","url":"https:\/\/euroopanoored.eu\/ru\/%d1%85%d0%be%d0%b4%d0%b0%d1%82%d0%b0%d0%b9%d1%81%d1%82%d0%b2%d0%be\/","name":"\u0425\u043e\u0434\u0430\u0442\u0430\u0439\u0441\u0442\u0432\u043e &#8212; Erasmus+ ja Euroopa Solidaarsuskorpuse agentuuri noorteprogrammide keskus","isPartOf":{"@id":"https:\/\/vana.euroopanoored.eu\/#website"},"primaryImageOfPage":{"@id":"https:\/\/euroopanoored.eu\/ru\/%d1%85%d0%be%d0%b4%d0%b0%d1%82%d0%b0%d0%b9%d1%81%d1%82%d0%b2%d0%be\/#primaryimage"},"image":{"@id":"https:\/\/euroopanoored.eu\/ru\/%d1%85%d0%be%d0%b4%d0%b0%d1%82%d0%b0%d0%b9%d1%81%d1%82%d0%b2%d0%be\/#primaryimage"},"thumbnailUrl":"https:\/\/vana.euroopanoored.eu\/wp-content\/uploads\/2014\/03\/poiss-prillidega.jpg","datePublished":"2014-03-06T21:23:11+00:00","dateModified":"2021-01-21T13:26:16+00:00","breadcrumb":{"@id":"https:\/\/euroopanoored.eu\/ru\/%d1%85%d0%be%d0%b4%d0%b0%d1%82%d0%b0%d0%b9%d1%81%d1%82%d0%b2%d0%be\/#breadcrumb"},"inLanguage":"ru-RU","potentialAction":[{"@type":"ReadAction","target":["https:\/\/euroopanoored.eu\/ru\/%d1%85%d0%be%d0%b4%d0%b0%d1%82%d0%b0%d0%b9%d1%81%d1%82%d0%b2%d0%be\/"]}]},{"@type":"ImageObject","inLanguage":"ru-RU","@id":"https:\/\/euroopanoored.eu\/ru\/%d1%85%d0%be%d0%b4%d0%b0%d1%82%d0%b0%d0%b9%d1%81%d1%82%d0%b2%d0%be\/#primaryimage","url":"https:\/\/vana.euroopanoored.eu\/wp-content\/uploads\/2014\/03\/poiss-prillidega.jpg","contentUrl":"https:\/\/vana.euroopanoored.eu\/wp-content\/uploads\/2014\/03\/poiss-prillidega.jpg","width":1170,"height":349,"caption":"\u0442\u0435\u0441\u0442"},{"@type":"BreadcrumbList","@id":"https:\/\/euroopanoored.eu\/ru\/%d1%85%d0%be%d0%b4%d0%b0%d1%82%d0%b0%d0%b9%d1%81%d1%82%d0%b2%d0%be\/#breadcrumb","itemListElement":[{"@type":"ListItem","position":1,"name":"Home","item":"https:\/\/euroopanoored.eu\/ru\/"},{"@type":"ListItem","position":2,"name":"\u0425\u043e\u0434\u0430\u0442\u0430\u0439\u0441\u0442\u0432\u043e"}]},{"@type":"WebSite","@id":"https:\/\/vana.euroopanoored.eu\/#website","url":"https:\/\/vana.euroopanoored.eu\/","name":"Erasmus+ ja Euroopa Solidaarsuskorpuse agentuuri noorteprogrammide keskus","description":"Rahvusvahelised noorteprojektid, vabatahtlik teenistus, noorsoot&ouml;&ouml; arendamine, koolitused ja palju muud vahvat.","publisher":{"@id":"https:\/\/vana.euroopanoored.eu\/#organization"},"potentialAction":[{"@type":"SearchAction","target":{"@type":"EntryPoint","urlTemplate":"https:\/\/vana.euroopanoored.eu\/?s={search_term_string}"},"query-input":"required name=search_term_string"}],"inLanguage":"ru-RU"},{"@type":"Organization","@id":"https:\/\/vana.euroopanoored.eu\/#organization","name":"Erasmus+ ja Euroopa Solidaarsuskorpuse Agentuuri Noorteprogrammide keskus","url":"https:\/\/vana.euroopanoored.eu\/","logo":{"@type":"ImageObject","inLanguage":"ru-RU","@id":"https:\/\/vana.euroopanoored.eu\/#\/schema\/logo\/image\/","url":"https:\/\/vana.euroopanoored.eu\/wp-content\/uploads\/2021\/01\/cropped-taustata-logo.png","contentUrl":"https:\/\/vana.euroopanoored.eu\/wp-content\/uploads\/2021\/01\/cropped-taustata-logo.png","width":512,"height":512,"caption":"Erasmus+ ja Euroopa Solidaarsuskorpuse Agentuuri Noorteprogrammide keskus"},"image":{"@id":"https:\/\/vana.euroopanoored.eu\/#\/schema\/logo\/image\/"},"sameAs":["https:\/\/www.facebook.com\/euroopanoored","https:\/\/www.instagram.com\/euroopanoored.eu","https:\/\/www.youtube.com\/user\/euroopanoored"]}]}},"publishpress_future_action":{"enabled":false,"date":"2026-05-13 13:06:54","action":"draft","terms":[],"taxonomy":"category"},"_links":{"self":[{"href":"https:\/\/vana.euroopanoored.eu\/ru\/wp-json\/wp\/v2\/pages\/4087"}],"collection":[{"href":"https:\/\/vana.euroopanoored.eu\/ru\/wp-json\/wp\/v2\/pages"}],"about":[{"href":"https:\/\/vana.euroopanoored.eu\/ru\/wp-json\/wp\/v2\/types\/page"}],"author":[{"embeddable":true,"href":"https:\/\/vana.euroopanoored.eu\/ru\/wp-json\/wp\/v2\/users\/1608"}],"replies":[{"embeddable":true,"href":"https:\/\/vana.euroopanoored.eu\/ru\/wp-json\/wp\/v2\/comments?post=4087"}],"version-history":[{"count":12,"href":"https:\/\/vana.euroopanoored.eu\/ru\/wp-json\/wp\/v2\/pages\/4087\/revisions"}],"predecessor-version":[{"id":38844,"href":"https:\/\/vana.euroopanoored.eu\/ru\/wp-json\/wp\/v2\/pages\/4087\/revisions\/38844"}],"wp:featuredmedia":[{"embeddable":true,"href":"https:\/\/vana.euroopanoored.eu\/ru\/wp-json\/wp\/v2\/media\/1216"}],"wp:attachment":[{"href":"https:\/\/vana.euroopanoored.eu\/ru\/wp-json\/wp\/v2\/media?parent=4087"}],"wp:term":[{"taxonomy":"category","embeddable":true,"href":"https:\/\/vana.euroopanoored.eu\/ru\/wp-json\/wp\/v2\/categories?post=4087"},{"taxonomy":"post_tag","embeddable":true,"href":"https:\/\/vana.euroopanoored.eu\/ru\/wp-json\/wp\/v2\/tags?post=4087"}],"curies":[{"name":"wp","href":"https:\/\/api.w.org\/{rel}","templated":true}]}}