{"id":3226,"date":"2014-02-21T15:06:55","date_gmt":"2014-02-21T13:06:55","guid":{"rendered":"https:\/\/euroopanoored.eu\/?page_id=3226"},"modified":"2015-04-13T13:44:42","modified_gmt":"2015-04-13T10:44:42","slug":"finansirovanie","status":"publish","type":"page","link":"https:\/\/vana.euroopanoored.eu\/ru\/finansirovanie\/","title":{"rendered":"\u0424\u0438\u043d\u0430\u043d\u0441\u0438\u0440\u043e\u0432\u0430\u043d\u0438\u0435"},"content":{"rendered":"<p>\u0421\u00a02014 \u0433\u043e\u0434\u0430 \u041c\u043e\u043b\u043e\u0434\u0435\u0436\u043d\u043e\u0435 \u0430\u0433\u0435\u043d\u0442\u0441\u0442\u0432\u043e\u00a0\u043a\u043e\u043e\u0440\u0434\u0438\u043d\u0438\u0440\u0443\u0435\u0442 \u0432\u00a0\u042d\u0441\u0442\u043e\u043d\u0438\u0438 \u0434\u0435\u044f\u0442\u0435\u043b\u044c\u043d\u043e\u0441\u0442\u044c \u043d\u043e\u0432\u043e\u0439 \u043f\u0440\u043e\u0433\u0440\u0430\u043c\u043c\u044b \u0415\u0432\u0440\u043e\u043f\u0435\u0439\u0441\u043a\u043e\u0433\u043e \u0421\u043e\u044e\u0437\u0430 <strong>Erasmus+<\/strong>, \u0432\u00a0\u0441\u0444\u0435\u0440\u0443 \u043f\u0440\u0438\u043e\u0440\u0438\u0442\u0435\u0442\u043e\u0432 \u043a\u043e\u0442\u043e\u0440\u043e\u0439 \u0432\u0445\u043e\u0434\u0438\u0442 \u0440\u0430\u0437\u0432\u0438\u0442\u0438\u0435 <strong>\u043e\u0431\u0440\u0430\u0437\u043e\u0432\u0430\u043d\u0438\u044f, \u043e\u0431\u0443\u0447\u0435\u043d\u0438\u044f \u0438\u00a0\u0441\u043f\u043e\u0440\u0442\u0430 \u0432\u00a0\u043e\u0431\u043b\u0430\u0441\u0442\u0438 \u043c\u043e\u043b\u043e\u0434\u0435\u0436\u043d\u043e\u0439 \u0440\u0430\u0431\u043e\u0442\u044b<\/strong>.<\/p>\n<p>\u0414\u0440\u0443\u0433\u0438\u043c\u0438 \u0441\u043b\u043e\u0432\u0430\u043c\u0438, \u043c\u044b:<\/p>\n<ul>\n<li><b>\u041c\u044b\u00a0\u0437\u0430\u043d\u0438\u043c\u0430\u0435\u043c\u0441\u044f<\/b> <strong>\u0438\u043d\u0444\u043e\u0440\u043c\u0438\u0440\u043e\u0432\u0430\u043d\u0438\u0435\u043c<\/strong> <strong>\u043e\u0431\u0449\u0435\u0441\u0442\u0432\u0435\u043d\u043d\u043e\u0441\u0442\u0438 \u0438\u00a0\u0446\u0435\u043b\u0435\u0432\u044b\u0445 \u0433\u0440\u0443\u043f\u043f<\/strong> \u043f\u0440\u043e\u0433\u0440\u0430\u043c\u043c\u044b \u043e\u00a0\u0446\u0435\u043d\u043d\u043e\u0441\u0442\u044f\u0445, \u0432\u043e\u0437\u043c\u043e\u0436\u043d\u043e\u0441\u0442\u044f\u0445 \u0438\u00a0\u0443\u0441\u043b\u043e\u0432\u0438\u044f\u0445 \u043f\u0440\u043e\u0433\u0440\u0430\u043c\u043c\u044b Erasmus+: \u00ab\u041c\u043e\u043b\u043e\u0434\u0435\u0436\u044c \u0415\u0432\u0440\u043e\u043f\u044b\u00bb \u0432\u00a0\u043e\u0431\u043b\u0430\u0441\u0442\u0438 \u043c\u043e\u043b\u043e\u0434\u0435\u0436\u043d\u043e\u0439 \u0440\u0430\u0431\u043e\u0442\u044b;<\/li>\n<li><b>\u043a\u043e\u043d\u0441\u0443\u043b\u044c\u0442\u0438\u0440\u0443\u0435\u043c<\/b> <strong>\u043c\u043e\u043b\u043e\u0434\u0435\u0436\u044c, \u043c\u043e\u043b\u043e\u0434\u0435\u0436\u043d\u044b\u0445 \u0440\u0430\u0431\u043e\u0442\u043d\u0438\u043a\u043e\u0432 \u0438\u00a0\u043c\u043e\u043b\u043e\u0434\u0435\u0436\u043d\u044b\u0435 \u043e\u0440\u0433\u0430\u043d\u0438\u0437\u0430\u0446\u0438\u0438<\/strong>, \u0437\u0430\u0438\u043d\u0442\u0435\u0440\u0435\u0441\u043e\u0432\u0430\u043d\u043d\u044b\u0435 \u0432\u00a0\u0438\u043d\u0438\u0446\u0438\u0438\u0440\u043e\u0432\u0430\u043d\u0438\u0438 \u0438\u00a0\u0440\u0430\u0437\u0432\u0438\u0442\u0438\u0438 \u043f\u0440\u043e\u0435\u043a\u0442\u043d\u043e\u0439 \u0434\u0435\u044f\u0442\u0435\u043b\u044c\u043d\u043e\u0441\u0442\u0438;<\/li>\n<li><b>\u043f\u0440\u0435\u0434\u043b\u0430\u0433\u0430\u0435\u043c<\/b> \u043c\u043e\u043b\u043e\u0434\u0435\u0436\u0438 \u0438\u00a0\u043c\u043e\u043b\u043e\u0434\u0435\u0436\u043d\u044b\u043c \u043e\u0440\u0433\u0430\u043d\u0438\u0437\u0430\u0446\u0438\u044f\u043c \u042d\u0441\u0442\u043e\u043d\u0438\u0438 <strong>\u043f\u043e\u0441\u0440\u0435\u0434\u043d\u0438\u0447\u0435\u0441\u0442\u0432\u043e \u0432<\/strong>\u00a0<strong><a href=\"https:\/\/vana.euroopanoored.eu\/ru\/finansirovanie\/kachestvo-projekta\/poisk-partnerov\/\">\u043f\u043e\u0438\u0441\u043a\u0435 \u043f\u0430\u0440\u0442\u043d\u0435\u0440\u043e\u0432<\/a><\/strong> \u0432\u00a0\u0434\u0440\u0443\u0433\u0438\u0445 \u0441\u0442\u0440\u0430\u043d\u0430\u0445 \u043f\u0440\u043e\u0433\u0440\u0430\u043c\u043c\u044b \u0434\u043b\u044f \u0440\u0435\u0430\u043b\u0438\u0437\u0430\u0446\u0438\u0438 \u0441\u043e\u0432\u043c\u0435\u0441\u0442\u043d\u044b\u0445 \u043f\u0440\u043e\u0435\u043a\u0442\u043e\u0432;<\/li>\n<li><strong>\u0438\u043d\u0438\u0446\u0438\u0438\u0440\u0443\u0435\u043c, \u043a\u043e\u043e\u0440\u0434\u0438\u043d\u0438\u0440\u0443\u0435\u043c \u0438\u00a0\u043e\u0440\u0433\u0430\u043d\u0438\u0437\u0443\u0435\u043c<\/strong> \u0438\u043d\u0444\u043e\u0440\u043c\u0430\u0446\u0438\u043e\u043d\u043d\u044b\u0435 <strong>\u043c\u0435\u0440\u043e\u043f\u0440\u0438\u044f\u0442\u0438\u044f, \u0441\u0435\u043c\u0438\u043d\u0430\u0440\u044b, \u0443\u0447\u0435\u0431\u043d\u044b\u0435 \u0432\u0438\u0437\u0438\u0442\u044b<\/strong> \u0438\u00a0<a href=\"https:\/\/vana.euroopanoored.eu\/ru\/treningi\/\"><strong>\u0442\u0440\u0435\u043d\u0438\u043d\u0433\u0438<\/strong><\/a> \u043a\u0430\u043a \u043d\u0430\u00a0\u043c\u0435\u0441\u0442\u043d\u043e\u043c, \u0442\u0430\u043a \u0438\u00a0\u043d\u0430\u00a0\u0433\u043e\u0441\u0443\u0434\u0430\u0440\u0441\u0442\u0432\u0435\u043d\u043d\u043e\u043c \u0438\u00a0\u043c\u0435\u0436\u0434\u0443\u043d\u0430\u0440\u043e\u0434\u043d\u043e\u043c \u0443\u0440\u043e\u0432\u043d\u0435;<\/li>\n<li><b>\u0430\u043d\u0430\u043b\u0438\u0437\u0438\u0440\u0443\u0435\u043c<\/b> \u043f\u0440\u0438\u0441\u043b\u0430\u043d\u043d\u044b\u0435 \u0432\u00a0\u043f\u0440\u043e\u0433\u0440\u0430\u043c\u043c\u0443 <strong>\u043f\u0440\u043e\u0435\u043a\u0442\u043d\u044b\u0435 \u0437\u0430\u044f\u0432\u043a\u0438<\/strong> \u0438\u00a0\u043e\u0442\u0447\u0435\u0442\u044b \u043f\u043e\u00a0\u043f\u0440\u043e\u0435\u043a\u0442\u0430\u043c;<\/li>\n<li>\u043f\u0440\u043e\u0432\u043e\u0434\u0438\u043c \u0441\u043e\u0431\u0440\u0430\u043d\u0438\u044f \u044d\u043a\u0441\u043f\u0435\u0440\u0442\u043e\u0432, \u0437\u0430\u043d\u0438\u043c\u0430\u044e\u0449\u0438\u0445\u0441\u044f <strong>\u043e\u0446\u0435\u043d\u0438\u0432\u0430\u043d\u0438\u0435\u043c<\/strong> <strong>\u043f\u0440\u043e\u0435\u043a\u0442\u043e\u0432<\/strong> \u0438\u00a0\u0432\u044b\u043d\u0435\u0441\u0435\u043d\u0438\u0435\u043c \u0440\u0435\u0448\u0435\u043d\u0438\u0439 \u043e\u0431\u00a0\u0438\u0445\u00a0<strong>\u0444\u0438\u043d\u0430\u043d\u0441\u0438\u0440\u043e\u0432\u0430\u043d\u0438\u0438<\/strong> \u0432\u00a0\u043f\u0440\u043e\u0433\u0440\u0430\u043c\u043c\u0435 Erasmus+: \u00ab\u041c\u043e\u043b\u043e\u0434\u0435\u0436\u044c \u0415\u0432\u0440\u043e\u043f\u044b\u00bb;<\/li>\n<li><b>\u0438\u043d\u0444\u043e\u0440\u043c\u0438\u0440\u0443\u0435\u043c <\/b>\u043e\u0440\u0433\u0430\u043d\u0438\u0437\u0430\u0442\u043e\u0440\u043e\u0432 \u043c\u043e\u043b\u043e\u0434\u0435\u0436\u043d\u044b\u0445 \u043f\u0440\u043e\u0435\u043a\u0442\u043e\u0432 <strong>\u043e\u00a0\u0440\u0435\u0448\u0435\u043d\u0438\u044f\u0445<\/strong> \u044d\u043a\u0441\u043f\u0435\u0440\u0442\u043e\u0432;<\/li>\n<li><b>\u043a\u043e\u043e\u0440\u0434\u0438\u043d\u0438\u0440\u0443\u0435\u043c<\/b> <strong>\u0434\u043e\u0433\u043e\u0432\u043e\u0440\u043d\u044b\u0435 \u043e\u0442\u043d\u043e\u0448\u0435\u043d\u0438\u044f<\/strong> \u043c\u0435\u0436\u0434\u0443 \u042d\u0441\u0442\u043e\u043d\u0441\u043a\u0438\u043c \u0431\u044e\u0440\u043e \u00ab\u041c\u043e\u043b\u043e\u0434\u0435\u0436\u044c \u0415\u0432\u0440\u043e\u043f\u044b\u00bb \u0424\u043e\u043d\u0434\u0430 Archimedes \u0438\u00a0\u043f\u043e\u043b\u0443\u0447\u0430\u0442\u0435\u043b\u044f\u043c\u0438 \u0434\u043e\u0442\u0430\u0446\u0438\u0439 \u043d\u0430\u00a0\u0440\u0435\u0430\u043b\u0438\u0437\u0430\u0446\u0438\u044e \u043c\u043e\u043b\u043e\u0434\u0435\u0436\u043d\u044b\u0445 \u043f\u0440\u043e\u0435\u043a\u0442\u043e\u0432;<\/li>\n<li><b>\u043e\u0441\u0443\u0449\u0435\u0441\u0442\u0432\u043b\u044f\u0435\u043c \u043c\u043e\u043d\u0438\u0442\u043e\u0440\u0438\u043d\u0433 \u0438\u00a0\u0430\u043d\u0430\u043b\u0438\u0437 <\/b>\u043f\u0440\u043e\u0435\u043a\u0442\u043e\u0432, \u043f\u043e\u043b\u0443\u0447\u0438\u0432\u0448\u0438\u0445 \u043f\u043e\u0434\u0434\u0435\u0440\u0436\u043a\u0443 \u043f\u0440\u043e\u0433\u0440\u0430\u043c\u043c\u044b, \u0430\u00a0\u0442\u0430\u043a\u0436\u0435 \u0437\u0430\u043d\u0438\u043c\u0430\u0435\u043c\u0441\u044f \u043e\u0441\u0432\u0435\u0449\u0435\u043d\u0438\u0435\u043c \u0438\u00a0\u0440\u0430\u0441\u043f\u0440\u043e\u0441\u0442\u0440\u0430\u043d\u0435\u043d\u0438\u0435\u043c \u0438\u0445\u00a0\u0440\u0435\u0437\u0443\u043b\u044c\u0442\u0430\u0442\u043e\u0432<\/li>\n<\/ul>\n<!-- AddThis Advanced Settings generic via filter on the_content --><!-- AddThis Share Buttons generic via filter on the_content -->","protected":false},"excerpt":{"rendered":"<p>Erasmus+ programm rahastab noorte ja noorsoot\u00f6\u00f6tajate h\u00e4id ideid<\/p>\n","protected":false},"author":1608,"featured_media":0,"parent":0,"menu_order":0,"comment_status":"closed","ping_status":"open","template":"","meta":{"footnotes":""},"categories":[],"tags":[],"yoast_head":"<!-- This site is optimized with the Yoast SEO plugin v22.2 - https:\/\/yoast.com\/wordpress\/plugins\/seo\/ -->\n<title>\u0424\u0438\u043d\u0430\u043d\u0441\u0438\u0440\u043e\u0432\u0430\u043d\u0438\u0435 &#8212; Erasmus+ ja Euroopa Solidaarsuskorpuse agentuuri noorteprogrammide keskus<\/title>\n<meta name=\"robots\" content=\"noindex, follow, max-snippet:-1, max-image-preview:large, max-video-preview:-1\" \/>\n<meta property=\"og:locale\" content=\"ru_RU\" \/>\n<meta property=\"og:type\" content=\"article\" \/>\n<meta property=\"og:title\" content=\"\u0424\u0438\u043d\u0430\u043d\u0441\u0438\u0440\u043e\u0432\u0430\u043d\u0438\u0435 &#8212; Erasmus+ ja Euroopa Solidaarsuskorpuse agentuuri noorteprogrammide keskus\" \/>\n<meta property=\"og:description\" content=\"Erasmus+ programm rahastab noorte ja noorsoot\u00f6\u00f6tajate h\u00e4id ideid\" \/>\n<meta property=\"og:url\" content=\"https:\/\/euroopanoored.eu\/ru\/finansirovanie\/\" \/>\n<meta property=\"og:site_name\" content=\"Erasmus+ ja Euroopa Solidaarsuskorpuse agentuuri noorteprogrammide keskus\" \/>\n<meta property=\"article:publisher\" content=\"https:\/\/www.facebook.com\/euroopanoored\" \/>\n<meta property=\"article:modified_time\" content=\"2015-04-13T10:44:42+00:00\" \/>\n<meta property=\"og:image\" content=\"https:\/\/vana.euroopanoored.eu\/wp-content\/uploads\/2021\/05\/page.png\" \/>\n\t<meta property=\"og:image:width\" content=\"1920\" \/>\n\t<meta property=\"og:image:height\" content=\"1005\" \/>\n\t<meta property=\"og:image:type\" content=\"image\/png\" \/>\n<meta name=\"twitter:card\" content=\"summary_large_image\" \/>\n<script type=\"application\/ld+json\" class=\"yoast-schema-graph\">{\"@context\":\"https:\/\/schema.org\",\"@graph\":[{\"@type\":\"WebPage\",\"@id\":\"https:\/\/euroopanoored.eu\/ru\/finansirovanie\/\",\"url\":\"https:\/\/euroopanoored.eu\/ru\/finansirovanie\/\",\"name\":\"\u0424\u0438\u043d\u0430\u043d\u0441\u0438\u0440\u043e\u0432\u0430\u043d\u0438\u0435 &#8212; Erasmus+ ja Euroopa Solidaarsuskorpuse agentuuri noorteprogrammide keskus\",\"isPartOf\":{\"@id\":\"https:\/\/vana.euroopanoored.eu\/#website\"},\"datePublished\":\"2014-02-21T13:06:55+00:00\",\"dateModified\":\"2015-04-13T10:44:42+00:00\",\"breadcrumb\":{\"@id\":\"https:\/\/euroopanoored.eu\/ru\/finansirovanie\/#breadcrumb\"},\"inLanguage\":\"ru-RU\",\"potentialAction\":[{\"@type\":\"ReadAction\",\"target\":[\"https:\/\/euroopanoored.eu\/ru\/finansirovanie\/\"]}]},{\"@type\":\"BreadcrumbList\",\"@id\":\"https:\/\/euroopanoored.eu\/ru\/finansirovanie\/#breadcrumb\",\"itemListElement\":[{\"@type\":\"ListItem\",\"position\":1,\"name\":\"Home\",\"item\":\"https:\/\/euroopanoored.eu\/ru\/\"},{\"@type\":\"ListItem\",\"position\":2,\"name\":\"\u0424\u0438\u043d\u0430\u043d\u0441\u0438\u0440\u043e\u0432\u0430\u043d\u0438\u0435\"}]},{\"@type\":\"WebSite\",\"@id\":\"https:\/\/vana.euroopanoored.eu\/#website\",\"url\":\"https:\/\/vana.euroopanoored.eu\/\",\"name\":\"Erasmus+ ja Euroopa Solidaarsuskorpuse agentuuri noorteprogrammide keskus\",\"description\":\"Rahvusvahelised noorteprojektid, vabatahtlik teenistus, noorsoot&ouml;&ouml; arendamine, koolitused ja palju muud vahvat.\",\"publisher\":{\"@id\":\"https:\/\/vana.euroopanoored.eu\/#organization\"},\"potentialAction\":[{\"@type\":\"SearchAction\",\"target\":{\"@type\":\"EntryPoint\",\"urlTemplate\":\"https:\/\/vana.euroopanoored.eu\/?s={search_term_string}\"},\"query-input\":\"required name=search_term_string\"}],\"inLanguage\":\"ru-RU\"},{\"@type\":\"Organization\",\"@id\":\"https:\/\/vana.euroopanoored.eu\/#organization\",\"name\":\"Erasmus+ ja Euroopa Solidaarsuskorpuse Agentuuri Noorteprogrammide keskus\",\"url\":\"https:\/\/vana.euroopanoored.eu\/\",\"logo\":{\"@type\":\"ImageObject\",\"inLanguage\":\"ru-RU\",\"@id\":\"https:\/\/vana.euroopanoored.eu\/#\/schema\/logo\/image\/\",\"url\":\"https:\/\/vana.euroopanoored.eu\/wp-content\/uploads\/2021\/01\/cropped-taustata-logo.png\",\"contentUrl\":\"https:\/\/vana.euroopanoored.eu\/wp-content\/uploads\/2021\/01\/cropped-taustata-logo.png\",\"width\":512,\"height\":512,\"caption\":\"Erasmus+ ja Euroopa Solidaarsuskorpuse Agentuuri Noorteprogrammide keskus\"},\"image\":{\"@id\":\"https:\/\/vana.euroopanoored.eu\/#\/schema\/logo\/image\/\"},\"sameAs\":[\"https:\/\/www.facebook.com\/euroopanoored\",\"https:\/\/www.instagram.com\/euroopanoored.eu\",\"https:\/\/www.youtube.com\/user\/euroopanoored\"]}]}<\/script>\n<!-- \/ Yoast SEO plugin. -->","yoast_head_json":{"title":"\u0424\u0438\u043d\u0430\u043d\u0441\u0438\u0440\u043e\u0432\u0430\u043d\u0438\u0435 &#8212; Erasmus+ ja Euroopa Solidaarsuskorpuse agentuuri noorteprogrammide keskus","robots":{"index":"noindex","follow":"follow","max-snippet":"max-snippet:-1","max-image-preview":"max-image-preview:large","max-video-preview":"max-video-preview:-1"},"og_locale":"ru_RU","og_type":"article","og_title":"\u0424\u0438\u043d\u0430\u043d\u0441\u0438\u0440\u043e\u0432\u0430\u043d\u0438\u0435 &#8212; Erasmus+ ja Euroopa Solidaarsuskorpuse agentuuri noorteprogrammide keskus","og_description":"Erasmus+ programm rahastab noorte ja noorsoot\u00f6\u00f6tajate h\u00e4id ideid","og_url":"https:\/\/euroopanoored.eu\/ru\/finansirovanie\/","og_site_name":"Erasmus+ ja Euroopa Solidaarsuskorpuse agentuuri noorteprogrammide keskus","article_publisher":"https:\/\/www.facebook.com\/euroopanoored","article_modified_time":"2015-04-13T10:44:42+00:00","og_image":[{"width":1920,"height":1005,"url":"https:\/\/vana.euroopanoored.eu\/wp-content\/uploads\/2021\/05\/page.png","type":"image\/png"}],"twitter_card":"summary_large_image","schema":{"@context":"https:\/\/schema.org","@graph":[{"@type":"WebPage","@id":"https:\/\/euroopanoored.eu\/ru\/finansirovanie\/","url":"https:\/\/euroopanoored.eu\/ru\/finansirovanie\/","name":"\u0424\u0438\u043d\u0430\u043d\u0441\u0438\u0440\u043e\u0432\u0430\u043d\u0438\u0435 &#8212; Erasmus+ ja Euroopa Solidaarsuskorpuse agentuuri noorteprogrammide keskus","isPartOf":{"@id":"https:\/\/vana.euroopanoored.eu\/#website"},"datePublished":"2014-02-21T13:06:55+00:00","dateModified":"2015-04-13T10:44:42+00:00","breadcrumb":{"@id":"https:\/\/euroopanoored.eu\/ru\/finansirovanie\/#breadcrumb"},"inLanguage":"ru-RU","potentialAction":[{"@type":"ReadAction","target":["https:\/\/euroopanoored.eu\/ru\/finansirovanie\/"]}]},{"@type":"BreadcrumbList","@id":"https:\/\/euroopanoored.eu\/ru\/finansirovanie\/#breadcrumb","itemListElement":[{"@type":"ListItem","position":1,"name":"Home","item":"https:\/\/euroopanoored.eu\/ru\/"},{"@type":"ListItem","position":2,"name":"\u0424\u0438\u043d\u0430\u043d\u0441\u0438\u0440\u043e\u0432\u0430\u043d\u0438\u0435"}]},{"@type":"WebSite","@id":"https:\/\/vana.euroopanoored.eu\/#website","url":"https:\/\/vana.euroopanoored.eu\/","name":"Erasmus+ ja Euroopa Solidaarsuskorpuse agentuuri noorteprogrammide keskus","description":"Rahvusvahelised noorteprojektid, vabatahtlik teenistus, noorsoot&ouml;&ouml; arendamine, koolitused ja palju muud vahvat.","publisher":{"@id":"https:\/\/vana.euroopanoored.eu\/#organization"},"potentialAction":[{"@type":"SearchAction","target":{"@type":"EntryPoint","urlTemplate":"https:\/\/vana.euroopanoored.eu\/?s={search_term_string}"},"query-input":"required name=search_term_string"}],"inLanguage":"ru-RU"},{"@type":"Organization","@id":"https:\/\/vana.euroopanoored.eu\/#organization","name":"Erasmus+ ja Euroopa Solidaarsuskorpuse Agentuuri Noorteprogrammide keskus","url":"https:\/\/vana.euroopanoored.eu\/","logo":{"@type":"ImageObject","inLanguage":"ru-RU","@id":"https:\/\/vana.euroopanoored.eu\/#\/schema\/logo\/image\/","url":"https:\/\/vana.euroopanoored.eu\/wp-content\/uploads\/2021\/01\/cropped-taustata-logo.png","contentUrl":"https:\/\/vana.euroopanoored.eu\/wp-content\/uploads\/2021\/01\/cropped-taustata-logo.png","width":512,"height":512,"caption":"Erasmus+ ja Euroopa Solidaarsuskorpuse Agentuuri Noorteprogrammide keskus"},"image":{"@id":"https:\/\/vana.euroopanoored.eu\/#\/schema\/logo\/image\/"},"sameAs":["https:\/\/www.facebook.com\/euroopanoored","https:\/\/www.instagram.com\/euroopanoored.eu","https:\/\/www.youtube.com\/user\/euroopanoored"]}]}},"publishpress_future_action":{"enabled":false,"date":"2026-05-13 15:03:22","action":"draft","terms":[],"taxonomy":"category"},"_links":{"self":[{"href":"https:\/\/vana.euroopanoored.eu\/ru\/wp-json\/wp\/v2\/pages\/3226"}],"collection":[{"href":"https:\/\/vana.euroopanoored.eu\/ru\/wp-json\/wp\/v2\/pages"}],"about":[{"href":"https:\/\/vana.euroopanoored.eu\/ru\/wp-json\/wp\/v2\/types\/page"}],"author":[{"embeddable":true,"href":"https:\/\/vana.euroopanoored.eu\/ru\/wp-json\/wp\/v2\/users\/1608"}],"replies":[{"embeddable":true,"href":"https:\/\/vana.euroopanoored.eu\/ru\/wp-json\/wp\/v2\/comments?post=3226"}],"version-history":[{"count":13,"href":"https:\/\/vana.euroopanoored.eu\/ru\/wp-json\/wp\/v2\/pages\/3226\/revisions"}],"predecessor-version":[{"id":10815,"href":"https:\/\/vana.euroopanoored.eu\/ru\/wp-json\/wp\/v2\/pages\/3226\/revisions\/10815"}],"wp:attachment":[{"href":"https:\/\/vana.euroopanoored.eu\/ru\/wp-json\/wp\/v2\/media?parent=3226"}],"wp:term":[{"taxonomy":"category","embeddable":true,"href":"https:\/\/vana.euroopanoored.eu\/ru\/wp-json\/wp\/v2\/categories?post=3226"},{"taxonomy":"post_tag","embeddable":true,"href":"https:\/\/vana.euroopanoored.eu\/ru\/wp-json\/wp\/v2\/tags?post=3226"}],"curies":[{"name":"wp","href":"https:\/\/api.w.org\/{rel}","templated":true}]}}