{"id":18420,"date":"2016-04-25T11:46:36","date_gmt":"2016-04-25T08:46:36","guid":{"rendered":"https:\/\/euroopanoored.eu\/finansirovanie\/evs\/akrediteerimine\/"},"modified":"2019-04-30T12:29:47","modified_gmt":"2019-04-30T09:29:47","slug":"akrediteerimine","status":"publish","type":"page","link":"https:\/\/vana.euroopanoored.eu\/ru\/finansirovanie\/akrediteerimine\/","title":{"rendered":"Akrediteerimine"},"content":{"rendered":"<p><strong>Kvaliteedim\u00e4rgise taotlemine<\/strong><\/p>\n<p>Kvaliteedim\u00e4rgis n\u00e4itab organisatsiooni v\u00f5imekust noori projekti v\u00e4ltel toetada ja teadlikkust Euroopa Solidaarsuskorpuse programmist. Kvaliteedim\u00e4rgiseid annavad v\u00e4lja Euroopa Komisjoni poolt valitud riiklikud agentuurid ja Eestis t\u00e4idab seda rolli SA Archimedese noorteagentuur.<\/p>\n<p>Kvaliteedim\u00e4rgise taotlemiseks tuleb teha j\u00e4rgmised sammud.<\/p>\n<p>1.<strong>\u00a0Otsustage, mis teie organisatsiooni hetkel k\u00f5ige rohkem huvitab.<\/strong>Sellest oleneb, millist kvaliteedim\u00e4rgist peate taotlema:<\/p>\n<ul>\n<li>Vabatahtlike kaasamine v\u00f5i v\u00e4lismaale saatmine<\/li>\n<li>Noortele praktikav\u00f5imaluste pakkumine<\/li>\n<li>Noorte t\u00f6\u00f6le v\u00e4rbamine<\/li>\n<\/ul>\n<p>Juhul, kui olete huvitatud vabatahtlike kaasamisest, siis tuleb lisaks otsustada, millist rolli te projekti elluviimisel kanda soovite.<\/p>\n<p>a) Tugiorganisatsiooni roll\u00a0<em>(supporting organisation)<\/em><\/p>\n<ul>\n<li>teil on \u00f5igus vabatahtlikke vastu v\u00f5tta, projektitaotluseid esitada, toetussumma kasutust administreerida ning projekti koos partneritega ellu viia. Soovi korral ning v\u00f5imekuse olemasolul on v\u00f5imalik koordineerida ka teisi (vastuv\u00f5tvaid) organisatsioone, kuid seda ei pea tegema;<\/li>\n<li>teil on \u00f5igus Eesti noori v\u00e4lismaale vabatahtlikuks saata ning neid teenistuse jooksul toetada.<\/li>\n<\/ul>\n<p>b) Vastuv\u00f5tva organisatsiooni roll\u00a0<em>(hosting organisation)\u00a0<\/em>\u2013 teil on \u00f5igus oma organisatsiooni v\u00e4lisvabatahtlikke vastu v\u00f5tta, aga mitte projekti esitada ja eelarve eest vastutada.<\/p>\n<p>Vastuv\u00f5tva organisatsiooni roll on lihtsam, sest tuleb t\u00e4ita ainult teatud \u00fclesandeid ja suurem vastutus on delegeeritud tugiorganisatsioonile. Juhul, kui te ei taotle tugiorganisatsiooni kvaliteedim\u00e4rgist, tuleb leida m\u00f5ni teine organisatsioon, kes projekti koordineerib ja projektitoetust taotleb. Selliseid organisatsioone on Eestis mitmeid ja nende kohta saab lisainfot Noorteagentuuri kaudu.<\/p>\n<p>T\u00f6\u00f6- ja praktikaprojektide puhul sellist rollide jaotust ei ole. Kui soovite pakkuda noortele praktika- v\u00f5i t\u00f6\u00f6v\u00f5imalusi, siis on kvaliteedim\u00e4rgise taotlusvorm k\u00f5igile \u00fchesugune. Samas on lubatud asjaajamise delegeerimine m\u00f5nele kogenumale organisatsioonile. Ehk kui te ei soovi ise taotluse kirjutamise, aruandluse ja muu paberimajandusega tegeleda, siis on v\u00f5imalik p\u00f6\u00f6rduda m\u00f5ne organisatsiooni poole, kes on n\u00f5us selle t\u00f6\u00f6 teie eest \u00e4ra tegema. Sellegipoolest, kvaliteedim\u00e4rgise olemasolu on tungivalt soovituslik.<\/p>\n<p><strong>2. Tehke oma organisatsioonile\u00a0<\/strong><strong>kasutaja\u00a0<\/strong>Euroopa Komisjoni lehel\u00a0<a href=\"https:\/\/webgate.ec.europa.eu\/cas\/eim\/external\/register.cgi\">\u201eEU Login\u201c<\/a>, kui teil seda veel ei ole. Seda kasutajanime ja parooli kasutades saate kvaliteedim\u00e4rgise taotlusvormi n\u00e4ha ja t\u00e4itma hakata.<\/p>\n<p><strong>3. Registreerige oma organisatsioon\u00a0<\/strong><a href=\"http:\/\/ec.europa.eu\/education\/participants\/portal\/desktop\/en\/home.html\">osalejate portaalis<\/a>, et saada vastav PIC-kood, kui teil seda veel ei ole. Igal Euroopa Liidu programmis osaleval organisatsioonil on oma individuaalne registreerimiskood PIC, mis tuleb sisestada taotlusvormi.<\/p>\n<p>4.\u00a0<a href=\"https:\/\/webgate.ec.europa.eu\/web-esc\/screen\/home\">Avage link<\/a>, kus asuvad k\u00f5ik taotlusvormid ja logige sisse oma EU kasutajanimega. Valige vorm \u201c<strong>ESC52 Quality Label<\/strong>\u00a0(kvaliteedim\u00e4rgis)\u201d<\/p>\n<p><strong>5. Asuge t\u00e4itma!<\/strong>\u00a0Vorm salvestab vastused automaatselt. K\u00f5ige l\u00f5pus lisage taotleja kinnitus (Declaration of honour) ja vabatahtliku tegevuskava. Kui k\u00f5ik v\u00e4ljad on t\u00e4idetud, vajutage viimasel lehel nuppu \u201eEsita\u201c (Submit). Vorm j\u00f5uab elektroonselt SA Archimedese noorteagentuuri. NB!\u00a0Kui teil tekib tehnilisi t\u00f5rkeid taotlusvormi esitamisel, siis v\u00f5tke kindlasti \u00fchendust\u00a0<a href=\"mailto:liisi.erlang-selgal@archimedes.ee\">liisi.erlang-selgal@archimedes.ee<\/a>v\u00f5i tel.\u00a069 79\u00a0238<\/p>\n<p><strong>Noorteagentuur v\u00f5tab teiega \u00fchendust<\/strong>\u00a0paari n\u00e4dala jooksul p\u00e4rast taotluse esitamist. Me vaatame esitatud taotluse l\u00e4bi ja alustame kvaliteedi hindamise protsessi. Muuhulgas t\u00e4hendab see ka organisatsiooni k\u00fclastust ning vestlust v\u00f5tmeisikutega, kes vabatahtlikuga enim kokku puutuvad. Vajadusel saab esitatud taotluses teha muudatusi.<\/p>\n<p><strong>P.S. Euroopa vabatahtliku teenistuse raames v\u00e4ljastatud akrediteering kehtib ka Euroopa Solidaarsuskorpuse programmis.<\/strong><\/p>\n<p><strong>Loe t\u00e4iendavalt:<\/strong><br \/>\n<a href=\"https:\/\/vana.euroopanoored.eu\/opimaterjalid\/vabatahtliku-vastuvotmise-abc\/\" target=\"_blank\" rel=\"noopener noreferrer\">Vastuv\u00f5tvate organisatsioonide k\u00e4siraamatut<br \/>\n<\/a><a href=\"https:\/\/vana.euroopanoored.eu\/opimaterjalid\/kasiraamatud\/vabatahtliku-ettevalmistuse-abc\/\" target=\"_blank\" rel=\"noopener noreferrer\">Saatvate organisatsioonide k\u00e4siraamatut<\/a><\/p>\n<!-- AddThis Advanced Settings generic via filter on the_content --><!-- AddThis Share Buttons generic via filter on the_content -->","protected":false},"excerpt":{"rendered":"<p>Kvaliteedim\u00e4rgise taotlemine Kvaliteedim\u00e4rgis n\u00e4itab organisatsiooni v\u00f5imekust noori projekti v\u00e4ltel toetada ja teadlikkust Euroopa Solidaarsuskorpuse programmist. Kvaliteedim\u00e4rgiseid annavad v\u00e4lja Euroopa Komisjoni poolt valitud riiklikud agentuurid ja Eestis t\u00e4idab seda rolli SA Archimedese noorteagentuur. Kvaliteedim\u00e4rgise taotlemiseks tuleb teha j\u00e4rgmised sammud. 1.\u00a0Otsustage, mis teie organisatsiooni hetkel k\u00f5ige rohkem [&hellip;]<\/p>\n","protected":false},"author":1608,"featured_media":0,"parent":3226,"menu_order":0,"comment_status":"closed","ping_status":"closed","template":"","meta":{"footnotes":""},"categories":[],"tags":[],"yoast_head":"<!-- This site is optimized with the Yoast SEO plugin v22.2 - https:\/\/yoast.com\/wordpress\/plugins\/seo\/ -->\n<title>Akrediteerimine &#8212; Erasmus+ ja Euroopa Solidaarsuskorpuse agentuuri noorteprogrammide keskus<\/title>\n<meta name=\"robots\" content=\"noindex, follow, max-snippet:-1, max-image-preview:large, max-video-preview:-1\" \/>\n<meta property=\"og:locale\" content=\"ru_RU\" \/>\n<meta property=\"og:type\" content=\"article\" \/>\n<meta property=\"og:title\" content=\"Akrediteerimine &#8212; Erasmus+ ja Euroopa Solidaarsuskorpuse agentuuri noorteprogrammide keskus\" \/>\n<meta property=\"og:description\" content=\"Kvaliteedim\u00e4rgise taotlemine Kvaliteedim\u00e4rgis n\u00e4itab organisatsiooni v\u00f5imekust noori projekti v\u00e4ltel toetada ja teadlikkust Euroopa Solidaarsuskorpuse programmist. Kvaliteedim\u00e4rgiseid annavad v\u00e4lja Euroopa Komisjoni poolt valitud riiklikud agentuurid ja Eestis t\u00e4idab seda rolli SA Archimedese noorteagentuur. Kvaliteedim\u00e4rgise taotlemiseks tuleb teha j\u00e4rgmised sammud. 1.\u00a0Otsustage, mis teie organisatsiooni hetkel k\u00f5ige rohkem [&hellip;]\" \/>\n<meta property=\"og:url\" content=\"https:\/\/vana.euroopanoored.eu\/ru\/finansirovanie\/akrediteerimine\/\" \/>\n<meta property=\"og:site_name\" content=\"Erasmus+ ja Euroopa Solidaarsuskorpuse agentuuri noorteprogrammide keskus\" \/>\n<meta property=\"article:publisher\" content=\"https:\/\/www.facebook.com\/euroopanoored\" \/>\n<meta property=\"article:modified_time\" content=\"2019-04-30T09:29:47+00:00\" \/>\n<meta property=\"og:image\" content=\"https:\/\/vana.euroopanoored.eu\/wp-content\/uploads\/2021\/05\/page.png\" \/>\n\t<meta property=\"og:image:width\" content=\"1920\" \/>\n\t<meta property=\"og:image:height\" content=\"1005\" \/>\n\t<meta property=\"og:image:type\" content=\"image\/png\" \/>\n<meta name=\"twitter:card\" content=\"summary_large_image\" \/>\n<meta name=\"twitter:label1\" content=\"\u041f\u0440\u0438\u043c\u0435\u0440\u043d\u043e\u0435 \u0432\u0440\u0435\u043c\u044f \u0434\u043b\u044f \u0447\u0442\u0435\u043d\u0438\u044f\" \/>\n\t<meta name=\"twitter:data1\" content=\"3 \u043c\u0438\u043d\u0443\u0442\u044b\" \/>\n<script type=\"application\/ld+json\" class=\"yoast-schema-graph\">{\"@context\":\"https:\/\/schema.org\",\"@graph\":[{\"@type\":\"WebPage\",\"@id\":\"https:\/\/vana.euroopanoored.eu\/ru\/finansirovanie\/akrediteerimine\/\",\"url\":\"https:\/\/vana.euroopanoored.eu\/ru\/finansirovanie\/akrediteerimine\/\",\"name\":\"Akrediteerimine &#8212; Erasmus+ ja Euroopa Solidaarsuskorpuse agentuuri noorteprogrammide keskus\",\"isPartOf\":{\"@id\":\"https:\/\/vana.euroopanoored.eu\/#website\"},\"datePublished\":\"2016-04-25T08:46:36+00:00\",\"dateModified\":\"2019-04-30T09:29:47+00:00\",\"breadcrumb\":{\"@id\":\"https:\/\/vana.euroopanoored.eu\/ru\/finansirovanie\/akrediteerimine\/#breadcrumb\"},\"inLanguage\":\"ru-RU\",\"potentialAction\":[{\"@type\":\"ReadAction\",\"target\":[\"https:\/\/vana.euroopanoored.eu\/ru\/finansirovanie\/akrediteerimine\/\"]}]},{\"@type\":\"BreadcrumbList\",\"@id\":\"https:\/\/vana.euroopanoored.eu\/ru\/finansirovanie\/akrediteerimine\/#breadcrumb\",\"itemListElement\":[{\"@type\":\"ListItem\",\"position\":1,\"name\":\"Home\",\"item\":\"https:\/\/euroopanoored.eu\/ru\/\"},{\"@type\":\"ListItem\",\"position\":2,\"name\":\"\u0424\u0438\u043d\u0430\u043d\u0441\u0438\u0440\u043e\u0432\u0430\u043d\u0438\u0435\",\"item\":\"https:\/\/euroopanoored.eu\/ru\/finansirovanie\/\"},{\"@type\":\"ListItem\",\"position\":3,\"name\":\"Akrediteerimine\"}]},{\"@type\":\"WebSite\",\"@id\":\"https:\/\/vana.euroopanoored.eu\/#website\",\"url\":\"https:\/\/vana.euroopanoored.eu\/\",\"name\":\"Erasmus+ ja Euroopa Solidaarsuskorpuse agentuuri noorteprogrammide keskus\",\"description\":\"Rahvusvahelised noorteprojektid, vabatahtlik teenistus, noorsoot&ouml;&ouml; arendamine, koolitused ja palju muud vahvat.\",\"publisher\":{\"@id\":\"https:\/\/vana.euroopanoored.eu\/#organization\"},\"potentialAction\":[{\"@type\":\"SearchAction\",\"target\":{\"@type\":\"EntryPoint\",\"urlTemplate\":\"https:\/\/vana.euroopanoored.eu\/?s={search_term_string}\"},\"query-input\":\"required name=search_term_string\"}],\"inLanguage\":\"ru-RU\"},{\"@type\":\"Organization\",\"@id\":\"https:\/\/vana.euroopanoored.eu\/#organization\",\"name\":\"Erasmus+ ja Euroopa Solidaarsuskorpuse Agentuuri Noorteprogrammide keskus\",\"url\":\"https:\/\/vana.euroopanoored.eu\/\",\"logo\":{\"@type\":\"ImageObject\",\"inLanguage\":\"ru-RU\",\"@id\":\"https:\/\/vana.euroopanoored.eu\/#\/schema\/logo\/image\/\",\"url\":\"https:\/\/vana.euroopanoored.eu\/wp-content\/uploads\/2021\/01\/cropped-taustata-logo.png\",\"contentUrl\":\"https:\/\/vana.euroopanoored.eu\/wp-content\/uploads\/2021\/01\/cropped-taustata-logo.png\",\"width\":512,\"height\":512,\"caption\":\"Erasmus+ ja Euroopa Solidaarsuskorpuse Agentuuri Noorteprogrammide keskus\"},\"image\":{\"@id\":\"https:\/\/vana.euroopanoored.eu\/#\/schema\/logo\/image\/\"},\"sameAs\":[\"https:\/\/www.facebook.com\/euroopanoored\",\"https:\/\/www.instagram.com\/euroopanoored.eu\",\"https:\/\/www.youtube.com\/user\/euroopanoored\"]}]}<\/script>\n<!-- \/ Yoast SEO plugin. -->","yoast_head_json":{"title":"Akrediteerimine &#8212; Erasmus+ ja Euroopa Solidaarsuskorpuse agentuuri noorteprogrammide keskus","robots":{"index":"noindex","follow":"follow","max-snippet":"max-snippet:-1","max-image-preview":"max-image-preview:large","max-video-preview":"max-video-preview:-1"},"og_locale":"ru_RU","og_type":"article","og_title":"Akrediteerimine &#8212; Erasmus+ ja Euroopa Solidaarsuskorpuse agentuuri noorteprogrammide keskus","og_description":"Kvaliteedim\u00e4rgise taotlemine Kvaliteedim\u00e4rgis n\u00e4itab organisatsiooni v\u00f5imekust noori projekti v\u00e4ltel toetada ja teadlikkust Euroopa Solidaarsuskorpuse programmist. Kvaliteedim\u00e4rgiseid annavad v\u00e4lja Euroopa Komisjoni poolt valitud riiklikud agentuurid ja Eestis t\u00e4idab seda rolli SA Archimedese noorteagentuur. Kvaliteedim\u00e4rgise taotlemiseks tuleb teha j\u00e4rgmised sammud. 1.\u00a0Otsustage, mis teie organisatsiooni hetkel k\u00f5ige rohkem [&hellip;]","og_url":"https:\/\/vana.euroopanoored.eu\/ru\/finansirovanie\/akrediteerimine\/","og_site_name":"Erasmus+ ja Euroopa Solidaarsuskorpuse agentuuri noorteprogrammide keskus","article_publisher":"https:\/\/www.facebook.com\/euroopanoored","article_modified_time":"2019-04-30T09:29:47+00:00","og_image":[{"width":1920,"height":1005,"url":"https:\/\/vana.euroopanoored.eu\/wp-content\/uploads\/2021\/05\/page.png","type":"image\/png"}],"twitter_card":"summary_large_image","twitter_misc":{"\u041f\u0440\u0438\u043c\u0435\u0440\u043d\u043e\u0435 \u0432\u0440\u0435\u043c\u044f \u0434\u043b\u044f \u0447\u0442\u0435\u043d\u0438\u044f":"3 \u043c\u0438\u043d\u0443\u0442\u044b"},"schema":{"@context":"https:\/\/schema.org","@graph":[{"@type":"WebPage","@id":"https:\/\/vana.euroopanoored.eu\/ru\/finansirovanie\/akrediteerimine\/","url":"https:\/\/vana.euroopanoored.eu\/ru\/finansirovanie\/akrediteerimine\/","name":"Akrediteerimine &#8212; Erasmus+ ja Euroopa Solidaarsuskorpuse agentuuri noorteprogrammide keskus","isPartOf":{"@id":"https:\/\/vana.euroopanoored.eu\/#website"},"datePublished":"2016-04-25T08:46:36+00:00","dateModified":"2019-04-30T09:29:47+00:00","breadcrumb":{"@id":"https:\/\/vana.euroopanoored.eu\/ru\/finansirovanie\/akrediteerimine\/#breadcrumb"},"inLanguage":"ru-RU","potentialAction":[{"@type":"ReadAction","target":["https:\/\/vana.euroopanoored.eu\/ru\/finansirovanie\/akrediteerimine\/"]}]},{"@type":"BreadcrumbList","@id":"https:\/\/vana.euroopanoored.eu\/ru\/finansirovanie\/akrediteerimine\/#breadcrumb","itemListElement":[{"@type":"ListItem","position":1,"name":"Home","item":"https:\/\/euroopanoored.eu\/ru\/"},{"@type":"ListItem","position":2,"name":"\u0424\u0438\u043d\u0430\u043d\u0441\u0438\u0440\u043e\u0432\u0430\u043d\u0438\u0435","item":"https:\/\/euroopanoored.eu\/ru\/finansirovanie\/"},{"@type":"ListItem","position":3,"name":"Akrediteerimine"}]},{"@type":"WebSite","@id":"https:\/\/vana.euroopanoored.eu\/#website","url":"https:\/\/vana.euroopanoored.eu\/","name":"Erasmus+ ja Euroopa Solidaarsuskorpuse agentuuri noorteprogrammide keskus","description":"Rahvusvahelised noorteprojektid, vabatahtlik teenistus, noorsoot&ouml;&ouml; arendamine, koolitused ja palju muud vahvat.","publisher":{"@id":"https:\/\/vana.euroopanoored.eu\/#organization"},"potentialAction":[{"@type":"SearchAction","target":{"@type":"EntryPoint","urlTemplate":"https:\/\/vana.euroopanoored.eu\/?s={search_term_string}"},"query-input":"required name=search_term_string"}],"inLanguage":"ru-RU"},{"@type":"Organization","@id":"https:\/\/vana.euroopanoored.eu\/#organization","name":"Erasmus+ ja Euroopa Solidaarsuskorpuse Agentuuri Noorteprogrammide keskus","url":"https:\/\/vana.euroopanoored.eu\/","logo":{"@type":"ImageObject","inLanguage":"ru-RU","@id":"https:\/\/vana.euroopanoored.eu\/#\/schema\/logo\/image\/","url":"https:\/\/vana.euroopanoored.eu\/wp-content\/uploads\/2021\/01\/cropped-taustata-logo.png","contentUrl":"https:\/\/vana.euroopanoored.eu\/wp-content\/uploads\/2021\/01\/cropped-taustata-logo.png","width":512,"height":512,"caption":"Erasmus+ ja Euroopa Solidaarsuskorpuse Agentuuri Noorteprogrammide keskus"},"image":{"@id":"https:\/\/vana.euroopanoored.eu\/#\/schema\/logo\/image\/"},"sameAs":["https:\/\/www.facebook.com\/euroopanoored","https:\/\/www.instagram.com\/euroopanoored.eu","https:\/\/www.youtube.com\/user\/euroopanoored"]}]}},"publishpress_future_action":{"enabled":false,"date":"2026-05-13 15:03:41","action":"draft","terms":[],"taxonomy":"category"},"_links":{"self":[{"href":"https:\/\/vana.euroopanoored.eu\/ru\/wp-json\/wp\/v2\/pages\/18420"}],"collection":[{"href":"https:\/\/vana.euroopanoored.eu\/ru\/wp-json\/wp\/v2\/pages"}],"about":[{"href":"https:\/\/vana.euroopanoored.eu\/ru\/wp-json\/wp\/v2\/types\/page"}],"author":[{"embeddable":true,"href":"https:\/\/vana.euroopanoored.eu\/ru\/wp-json\/wp\/v2\/users\/1608"}],"replies":[{"embeddable":true,"href":"https:\/\/vana.euroopanoored.eu\/ru\/wp-json\/wp\/v2\/comments?post=18420"}],"version-history":[{"count":11,"href":"https:\/\/vana.euroopanoored.eu\/ru\/wp-json\/wp\/v2\/pages\/18420\/revisions"}],"predecessor-version":[{"id":30862,"href":"https:\/\/vana.euroopanoored.eu\/ru\/wp-json\/wp\/v2\/pages\/18420\/revisions\/30862"}],"up":[{"embeddable":true,"href":"https:\/\/vana.euroopanoored.eu\/ru\/wp-json\/wp\/v2\/pages\/3226"}],"wp:attachment":[{"href":"https:\/\/vana.euroopanoored.eu\/ru\/wp-json\/wp\/v2\/media?parent=18420"}],"wp:term":[{"taxonomy":"category","embeddable":true,"href":"https:\/\/vana.euroopanoored.eu\/ru\/wp-json\/wp\/v2\/categories?post=18420"},{"taxonomy":"post_tag","embeddable":true,"href":"https:\/\/vana.euroopanoored.eu\/ru\/wp-json\/wp\/v2\/tags?post=18420"}],"curies":[{"name":"wp","href":"https:\/\/api.w.org\/{rel}","templated":true}]}}